{"id":21257300,"date":"2024-10-17T13:47:32","date_gmt":"2024-10-17T11:47:32","guid":{"rendered":"https:\/\/www.vonhoff.ch\/?post_type=product&#038;p=21257300"},"modified":"2024-10-18T09:36:48","modified_gmt":"2024-10-18T07:36:48","slug":"custom-surgical-microrec-full-set-oculus-keeler","status":"publish","type":"product","link":"https:\/\/www.vonhoff.ch\/it\/produkt\/custom-surgical-microrec-full-set-oculus-keeler\/","title":{"rendered":"Custom Surgical MicroRec Full Set Oculus\/ Keeler D"},"content":{"rendered":"<p>[et_pb_section fb_built=&#8221;1&#8243; _builder_version=&#8221;4.16&#8243; custom_padding=&#8221;0px||||false|false&#8221; global_colors_info=&#8221;{}&#8221;][et_pb_row _builder_version=&#8221;4.16&#8243; background_size=&#8221;initial&#8221; background_position=&#8221;top_left&#8221; background_repeat=&#8221;repeat&#8221; width=&#8221;100%&#8221; custom_padding=&#8221;0px||0px||false|false&#8221; global_colors_info=&#8221;{}&#8221;][et_pb_column type=&#8221;4_4&#8243; _builder_version=&#8221;4.16&#8243; custom_padding=&#8221;|||&#8221; global_colors_info=&#8221;{}&#8221; custom_padding__hover=&#8221;|||&#8221;][et_pb_wc_breadcrumb _builder_version=&#8221;4.16&#8243; global_colors_info=&#8221;{}&#8221;][\/et_pb_wc_breadcrumb][et_pb_wc_cart_notice _builder_version=&#8221;4.16&#8243; global_colors_info=&#8221;{}&#8221;][\/et_pb_wc_cart_notice][\/et_pb_column][\/et_pb_row][et_pb_row column_structure=&#8221;1_2,1_2&#8243; _builder_version=&#8221;4.16&#8243; background_size=&#8221;initial&#8221; background_position=&#8221;top_left&#8221; background_repeat=&#8221;repeat&#8221; width=&#8221;100%&#8221; custom_padding=&#8221;0px||||false|false&#8221; global_colors_info=&#8221;{}&#8221;][et_pb_column type=&#8221;1_2&#8243; _builder_version=&#8221;4.16&#8243; custom_padding=&#8221;|||&#8221; global_colors_info=&#8221;{}&#8221; custom_padding__hover=&#8221;|||&#8221;][et_pb_wc_images _builder_version=&#8221;4.16&#8243; global_colors_info=&#8221;{}&#8221;][\/et_pb_wc_images][et_pb_wc_gallery _builder_version=&#8221;4.27.2&#8243; _module_preset=&#8221;default&#8221; global_colors_info=&#8221;{}&#8221;][\/et_pb_wc_gallery][\/et_pb_column][et_pb_column type=&#8221;1_2&#8243; _builder_version=&#8221;4.16&#8243; custom_padding=&#8221;|||&#8221; global_colors_info=&#8221;{}&#8221; custom_padding__hover=&#8221;|||&#8221;][et_pb_wc_title _builder_version=&#8221;4.16&#8243; global_colors_info=&#8221;{}&#8221;][\/et_pb_wc_title][et_pb_wc_rating _builder_version=&#8221;4.16&#8243; global_colors_info=&#8221;{}&#8221;][\/et_pb_wc_rating][et_pb_wc_price _builder_version=&#8221;4.16&#8243; global_colors_info=&#8221;{}&#8221;][\/et_pb_wc_price][et_pb_wc_description _builder_version=&#8221;4.16&#8243; global_colors_info=&#8221;{}&#8221;][\/et_pb_wc_description][et_pb_wc_add_to_cart _builder_version=&#8221;4.16&#8243; global_colors_info=&#8221;{}&#8221;][\/et_pb_wc_add_to_cart][et_pb_wc_meta _builder_version=&#8221;4.16&#8243; global_colors_info=&#8221;{}&#8221;][\/et_pb_wc_meta][\/et_pb_column][\/et_pb_row][et_pb_row _builder_version=&#8221;4.16&#8243; background_size=&#8221;initial&#8221; background_position=&#8221;top_left&#8221; background_repeat=&#8221;repeat&#8221; width=&#8221;100%&#8221; global_colors_info=&#8221;{}&#8221;][et_pb_column type=&#8221;4_4&#8243; _builder_version=&#8221;4.16&#8243; custom_padding=&#8221;|||&#8221; global_colors_info=&#8221;{}&#8221; custom_padding__hover=&#8221;|||&#8221;][et_pb_wc_tabs _builder_version=&#8221;4.16&#8243; global_colors_info=&#8221;{}&#8221;]\t\t\t\t\t[\/et_pb_wc_tabs][et_pb_wc_upsells _builder_version=&#8221;4.16&#8243; global_colors_info=&#8221;{}&#8221;][\/et_pb_wc_upsells][et_pb_wc_related_products _builder_version=&#8221;4.16&#8243; global_colors_info=&#8221;{}&#8221;][\/et_pb_wc_related_products][\/et_pb_column][\/et_pb_row][\/et_pb_section]<\/p>\n","protected":false},"excerpt":{"rendered":"<p>MicroREC ist ein Telefon-zu-Mikroskop-Adapter, der Ihr Mikroskop oder Ihre Spaltlampe digitalisiert und die nahtlose Aufnahme von Mikroskopiebildern und sofortiges Streaming oder Teilen von Operationen erm\u00f6glicht. Ein Smartphone eines beliebigen Modells und MicroREC ist alles, was Sie brauchen, um professionelle 8k-Fotos und -Videos von Ihren Operationen oder Untersuchungen aufzunehmen, ohne sie zu unterbrechen \u2013 denn unser Aufnahmesystem wird \u00fcber einen Strahlenteiler angeschlossen und h\u00e4lt die Okulare frei Das optische System MicroREC ersetzt sperrige, selbstgebaute Systeme oder teure Technologien, die f\u00fcr viele Praktiker unerreichbar sind. Es wird mit einer speziellen iOS\/Android-App geliefert, die die Art und Weise, wie medizinische Bildgebung erfasst und gespeichert wird, ver\u00e4ndert.<\/p>\n","protected":false},"featured_media":21257168,"template":"","meta":{"_et_pb_use_builder":"on","_et_pb_old_content":"Leichter, einfacher und flexibler, Spaltlampen Fotografie ganz einfach.","_et_gb_content_width":""},"product_brand":[],"product_cat":[25],"product_tag":[],"class_list":{"0":"post-21257300","1":"product","2":"type-product","3":"status-publish","4":"has-post-thumbnail","6":"product_cat-unkategorisiert","8":"first","9":"instock","10":"sale","11":"taxable","12":"shipping-taxable","13":"purchasable","14":"product-type-simple"},"_links":{"self":[{"href":"https:\/\/www.vonhoff.ch\/it\/wp-json\/wp\/v2\/product\/21257300","targetHints":{"allow":["GET"]}}],"collection":[{"href":"https:\/\/www.vonhoff.ch\/it\/wp-json\/wp\/v2\/product"}],"about":[{"href":"https:\/\/www.vonhoff.ch\/it\/wp-json\/wp\/v2\/types\/product"}],"wp:featuredmedia":[{"embeddable":true,"href":"https:\/\/www.vonhoff.ch\/it\/wp-json\/wp\/v2\/media\/21257168"}],"wp:attachment":[{"href":"https:\/\/www.vonhoff.ch\/it\/wp-json\/wp\/v2\/media?parent=21257300"}],"wp:term":[{"taxonomy":"product_brand","embeddable":true,"href":"https:\/\/www.vonhoff.ch\/it\/wp-json\/wp\/v2\/product_brand?post=21257300"},{"taxonomy":"product_cat","embeddable":true,"href":"https:\/\/www.vonhoff.ch\/it\/wp-json\/wp\/v2\/product_cat?post=21257300"},{"taxonomy":"product_tag","embeddable":true,"href":"https:\/\/www.vonhoff.ch\/it\/wp-json\/wp\/v2\/product_tag?post=21257300"}],"curies":[{"name":"wp","href":"https:\/\/api.w.org\/{rel}","templated":true}]}}