{"id":21252917,"date":"2023-08-17T08:11:16","date_gmt":"2023-08-17T06:11:16","guid":{"rendered":"https:\/\/www.vonhoff.ch\/servizi\/technischer-support\/"},"modified":"2023-09-26T10:06:48","modified_gmt":"2023-09-26T08:06:48","slug":"assistenza-tecnica","status":"publish","type":"page","link":"https:\/\/www.vonhoff.ch\/it\/servizi\/assistenza-tecnica\/","title":{"rendered":"Assistenza tecnica"},"content":{"rendered":"<p>[et_pb_section fb_built=&#8221;1&#8243; disabled_on=&#8221;off|off|off&#8221; _builder_version=&#8221;4.22.0&#8243; _module_preset=&#8221;default&#8221; background_image=&#8221;https:\/\/www.vonhoff.ch\/wp-content\/uploads\/2023\/07\/Service-Header-02.jpg&#8221; height=&#8221;400px&#8221; height_tablet=&#8221;300px&#8221; height_phone=&#8221;250px&#8221; height_last_edited=&#8221;on|phone&#8221; custom_padding=&#8221;0px||0px||true|false&#8221; bottom_divider_flip=&#8221;horizontal&#8221; bottom_divider_height_tablet=&#8221;50px&#8221; bottom_divider_height_phone=&#8221;30px&#8221; bottom_divider_height_last_edited=&#8221;off|desktop&#8221; saved_tabs=&#8221;all&#8221; locked=&#8221;off&#8221; global_colors_info=&#8221;{}&#8221;][\/et_pb_section][et_pb_section fb_built=&#8221;1&#8243; module_id=&#8221;wut&#8221; _builder_version=&#8221;4.19.5&#8243; _module_preset=&#8221;default&#8221; background_enable_color=&#8221;off&#8221; custom_margin=&#8221;||||false|false&#8221; custom_padding=&#8221;||||false|false&#8221; bottom_divider_height=&#8221;60px&#8221; bottom_divider_flip=&#8221;horizontal&#8221; border_color_top=&#8221;#A5303B&#8221; border_style_top=&#8221;dotted&#8221; border_color_bottom=&#8221;#A5303B&#8221; locked=&#8221;off&#8221; global_colors_info=&#8221;{}&#8221;][et_pb_row _builder_version=&#8221;4.21.0&#8243; _module_preset=&#8221;default&#8221; background_enable_color=&#8221;off&#8221; custom_margin=&#8221;||||false|false&#8221; custom_padding=&#8221;||0px||false|false&#8221; saved_tabs=&#8221;all&#8221; locked=&#8221;off&#8221; global_colors_info=&#8221;{}&#8221;][et_pb_column type=&#8221;4_4&#8243; _builder_version=&#8221;4.20.2&#8243; _module_preset=&#8221;default&#8221; global_colors_info=&#8221;{}&#8221;][et_pb_post_title meta=&#8221;off&#8221; featured_image=&#8221;off&#8221; _builder_version=&#8221;4.22.1&#8243; _module_preset=&#8221;default&#8221; title_font=&#8221;|300|||||||&#8221; title_text_color=&#8221;#000000&#8243; global_colors_info=&#8221;{}&#8221;][\/et_pb_post_title][\/et_pb_column][\/et_pb_row][et_pb_row _builder_version=&#8221;4.20.4&#8243; _module_preset=&#8221;default&#8221; custom_margin=&#8221;||||false|false&#8221; custom_margin_last_edited=&#8221;off|desktop&#8221; custom_padding=&#8221;||||false|false&#8221; locked=&#8221;off&#8221; global_colors_info=&#8221;{}&#8221;][et_pb_column type=&#8221;4_4&#8243; _builder_version=&#8221;4.17.4&#8243; _module_preset=&#8221;default&#8221; global_colors_info=&#8221;{}&#8221;][et_pb_text _builder_version=&#8221;4.22.2&#8243; _module_preset=&#8221;default&#8221; custom_padding=&#8221;||12px|||&#8221; hover_enabled=&#8221;0&#8243; header_2_font_size_last_edited=&#8221;off|desktop&#8221; global_colors_info=&#8221;{}&#8221; sticky_enabled=&#8221;0&#8243;]<\/p>\n<p><strong>Professionalit\u00e0 e massima disponibilit\u00e0: di persona, tramite hotline, e-mail o accesso remoto<\/strong><\/p>\n<p><b style=\"font-size: 18px;\"><\/b><\/p>\n<div class=\"flex_column av-1oldqt-cd964999ece3500d68c0bed5c8714084 av_one_full  avia-builder-el-1  el_after_av_section  el_before_av_one_third  avia-builder-el-first  first flex_column_div av-zero-column-padding  \">\n<section class=\"av_textblock_section av-5nxh1-e87d4243c94d01bb61bf45a085680ca3 \" itemscope=\"itemscope\" itemtype=\"https:\/\/schema.org\/CreativeWork\">\n<div class=\"avia_textblock\" itemprop=\"text\">\n<p class=\"p2\"><span class=\"s1\">Il servizio di assistenza VON HOFF AG non vi deluder\u00e0. Potete contattarci telefonicamente dal luned\u00ec al venerd\u00ec dalle 8.00 alle 17.00. Tuttavia, potete anche fissare un appuntamento personale con noi, scriverci un&#8217;e-mail o ricevere assistenza tramite accesso remoto. Garantiamo un supporto competente e un&#8217;assistenza in caso di emergenza. Ci occuperemo della vostra richiesta nel pi\u00f9 breve tempo possibile!<\/span><\/p>\n<\/div>\n<\/section>\n<\/div>\n<p>[\/et_pb_text][\/et_pb_column][\/et_pb_row][et_pb_row column_structure=&#8221;1_3,1_3,1_3&#8243; _builder_version=&#8221;4.20.4&#8243; _module_preset=&#8221;default&#8221; custom_margin=&#8221;||||false|false&#8221; custom_margin_last_edited=&#8221;off|desktop&#8221; custom_padding=&#8221;||||false|false&#8221; locked=&#8221;off&#8221; global_colors_info=&#8221;{}&#8221;][et_pb_column type=&#8221;1_3&#8243; _builder_version=&#8221;4.17.4&#8243; _module_preset=&#8221;default&#8221; global_colors_info=&#8221;{}&#8221;][et_pb_blurb title=&#8221;Linea telefonica&#8221; use_icon=&#8221;on&#8221; font_icon=&#8221;&#x77;||divi||400&#8243; icon_color=&#8221;#0B4E80&#8243; icon_placement=&#8221;top&#8221; image_icon_width=&#8221;60px&#8221; admin_label=&#8221;Links&#8221; _builder_version=&#8221;4.22.2&#8243; _module_preset=&#8221;74339085-b9fb-4faa-bcbf-0a29dbc0a94e&#8221; body_link_font=&#8221;|300|||||||&#8221; body_link_text_color=&#8221;#0B4E80&#8243; text_orientation=&#8221;center&#8221; hover_enabled=&#8221;0&#8243; locked=&#8221;off&#8221; global_colors_info=&#8221;%91%93&#8243; body_link_text_color__hover=&#8221;#091332&#8243; body_link_text_color__hover_enabled=&#8221;on|desktop&#8221; sticky_enabled=&#8221;0&#8243;]<\/p>\n<p>Contattateci, saremo lieti di offrirvi il nostro aiuto<\/p>\n<p><a href=\"tel:\/\/+41447382222\">+41 44 738 22 22<\/a><\/p>\n<p>[\/et_pb_blurb][\/et_pb_column][et_pb_column type=&#8221;1_3&#8243; _builder_version=&#8221;4.17.4&#8243; _module_preset=&#8221;default&#8221; global_colors_info=&#8221;{}&#8221;][et_pb_blurb title=&#8221;Contatto&#8221; use_icon=&#8221;on&#8221; font_icon=&#8221;&#x6c;||divi||400&#8243; icon_color=&#8221;#0B4E80&#8243; icon_placement=&#8221;top&#8221; image_icon_width=&#8221;60px&#8221; admin_label=&#8221;Links&#8221; _builder_version=&#8221;4.22.2&#8243; _module_preset=&#8221;74339085-b9fb-4faa-bcbf-0a29dbc0a94e&#8221; body_link_font=&#8221;|300|||||||&#8221; body_link_text_color=&#8221;#0B4E80&#8243; text_orientation=&#8221;center&#8221; hover_enabled=&#8221;0&#8243; locked=&#8221;off&#8221; global_colors_info=&#8221;%91%93&#8243; body_link_text_color__hover=&#8221;#091332&#8243; body_link_text_color__hover_enabled=&#8221;on|desktop&#8221; sticky_enabled=&#8221;0&#8243;]<\/p>\n<p>Scriveteci una e-mail<\/p>\n<p><a href=\"mailto:info@vonhoff.ch\">info@vonhoff.ch<\/a><\/p>\n<p>[\/et_pb_blurb][\/et_pb_column][et_pb_column type=&#8221;1_3&#8243; _builder_version=&#8221;4.22.0&#8243; _module_preset=&#8221;default&#8221; global_colors_info=&#8221;{}&#8221;][et_pb_blurb title=&#8221;TeamViewer&#8221; use_icon=&#8221;on&#8221; font_icon=&#8221;&#xf108;||fa||900&#8243; icon_color=&#8221;#0B4E80&#8243; icon_placement=&#8221;top&#8221; image_icon_width=&#8221;60px&#8221; admin_label=&#8221;Links&#8221; _builder_version=&#8221;4.22.1&#8243; _module_preset=&#8221;74339085-b9fb-4faa-bcbf-0a29dbc0a94e&#8221; body_link_font=&#8221;|300|||||||&#8221; body_link_text_color=&#8221;#0B4E80&#8243; text_orientation=&#8221;center&#8221; locked=&#8221;off&#8221; global_colors_info=&#8221;%91%93&#8243; body_link_text_color__hover=&#8221;#091332&#8243; body_link_text_color__hover_enabled=&#8221;on|desktop&#8221;]<\/p>\n<p>\u00bb <a href=\"https:\/\/www.vonhoff.ch\/wp-content\/uploads\/2023\/08\/TeamViewerQS_Windows.exe\" target=\"_blank\" rel=\"noopener\">Download f\u00fcr Windows<\/a><br \/>\u00bb <a href=\"https:\/\/www.vonhoff.ch\/wp-content\/uploads\/2023\/08\/TeamViewerQS_Mac.zip\" target=\"_blank\" rel=\"noopener\">Download f\u00fcr Mac<\/a><\/p>\n<p>[\/et_pb_blurb][\/et_pb_column][\/et_pb_row][\/et_pb_section]<\/p>\n","protected":false},"excerpt":{"rendered":"<p>Professionalit\u00e0 e massima disponibilit\u00e0: di persona, tramite hotline, e-mail o accesso remoto Il servizio di assistenza VON HOFF AG non vi deluder\u00e0. Potete contattarci telefonicamente dal luned\u00ec al venerd\u00ec dalle 8.00 alle 17.00. Tuttavia, potete anche fissare un appuntamento personale con noi, scriverci un&#8217;e-mail o ricevere assistenza tramite accesso remoto. Garantiamo un supporto competente e [&hellip;]<\/p>\n","protected":false},"author":2,"featured_media":21250267,"parent":21252910,"menu_order":0,"comment_status":"closed","ping_status":"closed","template":"","meta":{"_et_pb_use_builder":"on","_et_pb_old_content":"","_et_gb_content_width":"","footnotes":""},"dipi_cpt_category":[],"class_list":["post-21252917","page","type-page","status-publish","has-post-thumbnail","hentry"],"_links":{"self":[{"href":"https:\/\/www.vonhoff.ch\/it\/wp-json\/wp\/v2\/pages\/21252917","targetHints":{"allow":["GET"]}}],"collection":[{"href":"https:\/\/www.vonhoff.ch\/it\/wp-json\/wp\/v2\/pages"}],"about":[{"href":"https:\/\/www.vonhoff.ch\/it\/wp-json\/wp\/v2\/types\/page"}],"author":[{"embeddable":true,"href":"https:\/\/www.vonhoff.ch\/it\/wp-json\/wp\/v2\/users\/2"}],"replies":[{"embeddable":true,"href":"https:\/\/www.vonhoff.ch\/it\/wp-json\/wp\/v2\/comments?post=21252917"}],"version-history":[{"count":0,"href":"https:\/\/www.vonhoff.ch\/it\/wp-json\/wp\/v2\/pages\/21252917\/revisions"}],"up":[{"embeddable":true,"href":"https:\/\/www.vonhoff.ch\/it\/wp-json\/wp\/v2\/pages\/21252910"}],"wp:featuredmedia":[{"embeddable":true,"href":"https:\/\/www.vonhoff.ch\/it\/wp-json\/wp\/v2\/media\/21250267"}],"wp:attachment":[{"href":"https:\/\/www.vonhoff.ch\/it\/wp-json\/wp\/v2\/media?parent=21252917"}],"wp:term":[{"taxonomy":"dipi_cpt_category","embeddable":true,"href":"https:\/\/www.vonhoff.ch\/it\/wp-json\/wp\/v2\/dipi_cpt_category?post=21252917"}],"curies":[{"name":"wp","href":"https:\/\/api.w.org\/{rel}","templated":true}]}}