{"id":21252910,"date":"2023-07-11T13:42:11","date_gmt":"2023-07-11T11:42:11","guid":{"rendered":"https:\/\/www.vonhoff.ch\/dienstleistungen\/"},"modified":"2023-09-26T09:46:06","modified_gmt":"2023-09-26T07:46:06","slug":"servizi","status":"publish","type":"page","link":"https:\/\/www.vonhoff.ch\/it\/servizi\/","title":{"rendered":"Servizi"},"content":{"rendered":"<p>[et_pb_section fb_built=&#8221;1&#8243; disabled_on=&#8221;off|off|off&#8221; _builder_version=&#8221;4.21.0&#8243; _module_preset=&#8221;default&#8221; background_image=&#8221;https:\/\/www.vonhoff.ch\/wp-content\/uploads\/2023\/07\/About-us-Header-Leitbild.jpg&#8221; background_position=&#8221;top_center&#8221; height=&#8221;751px&#8221; height_tablet=&#8221;300px&#8221; height_phone=&#8221;250px&#8221; height_last_edited=&#8221;on|phone&#8221; custom_margin=&#8221;||-52px|||&#8221; custom_padding=&#8221;0px||0px||true|false&#8221; bottom_divider_flip=&#8221;horizontal&#8221; bottom_divider_height_tablet=&#8221;50px&#8221; bottom_divider_height_phone=&#8221;30px&#8221; bottom_divider_height_last_edited=&#8221;on|tablet&#8221; saved_tabs=&#8221;all&#8221; locked=&#8221;off&#8221; global_colors_info=&#8221;{}&#8221;][et_pb_row module_class=&#8221;spalte-mittig&#8221; _builder_version=&#8221;4.20.4&#8243; _module_preset=&#8221;default&#8221; height=&#8221;100%&#8221; height_tablet=&#8221;&#8221; height_phone=&#8221;&#8221; height_last_edited=&#8221;on|desktop&#8221; custom_margin=&#8221;||||false|false&#8221; custom_padding=&#8221;||||false|false&#8221; global_colors_info=&#8221;{}&#8221;][et_pb_column type=&#8221;4_4&#8243; _builder_version=&#8221;4.20.0&#8243; _module_preset=&#8221;default&#8221; global_colors_info=&#8221;{}&#8221;][\/et_pb_column][\/et_pb_row][\/et_pb_section][et_pb_section fb_built=&#8221;1&#8243; module_id=&#8221;wut&#8221; _builder_version=&#8221;4.20.4&#8243; _module_preset=&#8221;default&#8221; background_enable_color=&#8221;off&#8221; min_height=&#8221;606.6px&#8221; custom_margin=&#8221;5px||||false|false&#8221; custom_padding=&#8221;43px||0px||false|false&#8221; bottom_divider_height=&#8221;60px&#8221; bottom_divider_flip=&#8221;horizontal&#8221; border_color_top=&#8221;#A5303B&#8221; border_style_top=&#8221;dotted&#8221; border_color_bottom=&#8221;#A5303B&#8221; locked=&#8221;off&#8221; global_colors_info=&#8221;{}&#8221;][et_pb_row _builder_version=&#8221;4.21.0&#8243; _module_preset=&#8221;default&#8221; background_enable_color=&#8221;off&#8221; custom_margin=&#8221;||||false|false&#8221; custom_padding=&#8221;||0px||false|false&#8221; saved_tabs=&#8221;all&#8221; locked=&#8221;off&#8221; global_colors_info=&#8221;{}&#8221;][et_pb_column type=&#8221;4_4&#8243; _builder_version=&#8221;4.20.2&#8243; _module_preset=&#8221;default&#8221; global_colors_info=&#8221;{}&#8221;][et_pb_post_title meta=&#8221;off&#8221; featured_image=&#8221;off&#8221; _builder_version=&#8221;4.22.1&#8243; _module_preset=&#8221;default&#8221; title_font=&#8221;|300|||||||&#8221; title_text_color=&#8221;#000000&#8243; global_colors_info=&#8221;{}&#8221;][\/et_pb_post_title][\/et_pb_column][\/et_pb_row][et_pb_row _builder_version=&#8221;4.20.4&#8243; _module_preset=&#8221;default&#8221; custom_margin=&#8221;||||false|false&#8221; custom_margin_last_edited=&#8221;off|desktop&#8221; custom_padding=&#8221;||||false|false&#8221; global_colors_info=&#8221;{}&#8221;][et_pb_column type=&#8221;4_4&#8243; _builder_version=&#8221;4.17.4&#8243; _module_preset=&#8221;default&#8221; global_colors_info=&#8221;{}&#8221;][et_pb_text _builder_version=&#8221;4.20.4&#8243; _module_preset=&#8221;default&#8221; header_2_font_size_last_edited=&#8221;off|desktop&#8221; global_colors_info=&#8221;{}&#8221;]<\/p>\n<h2>Das VON HOFF TEAM steht Ihnen immer zur Seite<\/h2>\n<p>Zufriedenheit und Sicherheit umfasst nicht nur eine bed\u00fcrfnisorientierte Beratung, sie umfasst auch die professionelle Installation, Wartung und Support \u00fcber die Lebensjahre Ihrer Ger\u00e4te, Instrumente und Praxiseinrichtungen.<\/p>\n<p>Bestens geschulte und ausgebildete Mitarbeiter bringen alles mit, um Ihnen schnell und zuverl\u00e4ssig zu helfen. Die zentrale Lage erlaubt eine schnelle Reaktionszeit und Unterst\u00fctzung ohne grosse Ausfallszeiten in Ihrem Alltag.<\/p>\n<p>&nbsp;<\/p>\n<p>Unser Team ist immer auf dem neusten Wissenstand und kann sie mit unseren vielf\u00e4ltigen, innovativen Produkten fachgerecht beraten.<\/p>\n<h2><\/h2>\n<p>[\/et_pb_text][\/et_pb_column][\/et_pb_row][et_pb_row _builder_version=&#8221;4.21.0&#8243; _module_preset=&#8221;default&#8221; global_colors_info=&#8221;{}&#8221;][et_pb_column type=&#8221;4_4&#8243; _builder_version=&#8221;4.21.0&#8243; _module_preset=&#8221;default&#8221; global_colors_info=&#8221;{}&#8221;][et_pb_text _builder_version=&#8221;4.21.0&#8243; _module_preset=&#8221;default&#8221; custom_padding=&#8221;||0px|||&#8221; global_colors_info=&#8221;{}&#8221;]<\/p>\n<div class=\"shg-box-vertical-align-wrapper\">\n<div class=\"shg-box shg-c    \" id=\"s-fd3abd77-4e9f-4ad6-bec6-90c3b06f8b29\">\n<div class=\"shg-box-overlay\"><span style=\"font-size: 18px;\">Wir bieten Ihnen:<\/span><\/p>\n<ul>\n<ul>\n<ul>\n<li>Wartung Ihrer Ger\u00e4te und Instrumente<\/li>\n<li>Technischen Support<\/li>\n<li>Schulungen und Weiterbildungsseminare<\/li>\n<li>Service &amp; Wartung Pakete\u00a0<\/li>\n<li>Garantie Pakete<\/li>\n<li>Beratung &amp; unterst\u00fctzende Planung Ihrer Projekte<\/li>\n<li>IOL Kalkulationsservice<\/li>\n<\/ul>\n<\/ul>\n<\/ul>\n<p>Mit VON HOFF haben Sie einen engagierten, kompetenten und zuverl\u00e4ssigen Partner zur Hand, der Ihnen Zugang zu den innovativsten Technologien von weltweit f\u00fchrenden Herstellern erm\u00f6glicht.<\/p>\n<ul><\/ul>\n<\/div>\n<\/div>\n<\/div>\n<p>[\/et_pb_text][\/et_pb_column][\/et_pb_row][\/et_pb_section][et_pb_section fb_built=&#8221;1&#8243; module_id=&#8221;wut&#8221; _builder_version=&#8221;4.20.4&#8243; _module_preset=&#8221;default&#8221; background_enable_color=&#8221;off&#8221; custom_margin=&#8221;||||false|false&#8221; custom_padding=&#8221;0px||||false|false&#8221; bottom_divider_height=&#8221;60px&#8221; bottom_divider_flip=&#8221;horizontal&#8221; border_color_top=&#8221;#A5303B&#8221; border_style_top=&#8221;dotted&#8221; border_color_bottom=&#8221;#A5303B&#8221; locked=&#8221;off&#8221; global_colors_info=&#8221;{}&#8221;][\/et_pb_section]<\/p>\n","protected":false},"excerpt":{"rendered":"<p>Das VON HOFF TEAM steht Ihnen immer zur Seite Zufriedenheit und Sicherheit umfasst nicht nur eine bed\u00fcrfnisorientierte Beratung, sie umfasst auch die professionelle Installation, Wartung und Support \u00fcber die Lebensjahre Ihrer Ger\u00e4te, Instrumente und Praxiseinrichtungen. Bestens geschulte und ausgebildete Mitarbeiter bringen alles mit, um Ihnen schnell und zuverl\u00e4ssig zu helfen. Die zentrale Lage erlaubt eine [&hellip;]<\/p>\n","protected":false},"author":2,"featured_media":0,"parent":0,"menu_order":0,"comment_status":"closed","ping_status":"closed","template":"","meta":{"_et_pb_use_builder":"on","_et_pb_old_content":"","_et_gb_content_width":"","footnotes":""},"dipi_cpt_category":[],"class_list":["post-21252910","page","type-page","status-publish","hentry"],"_links":{"self":[{"href":"https:\/\/www.vonhoff.ch\/it\/wp-json\/wp\/v2\/pages\/21252910","targetHints":{"allow":["GET"]}}],"collection":[{"href":"https:\/\/www.vonhoff.ch\/it\/wp-json\/wp\/v2\/pages"}],"about":[{"href":"https:\/\/www.vonhoff.ch\/it\/wp-json\/wp\/v2\/types\/page"}],"author":[{"embeddable":true,"href":"https:\/\/www.vonhoff.ch\/it\/wp-json\/wp\/v2\/users\/2"}],"replies":[{"embeddable":true,"href":"https:\/\/www.vonhoff.ch\/it\/wp-json\/wp\/v2\/comments?post=21252910"}],"version-history":[{"count":0,"href":"https:\/\/www.vonhoff.ch\/it\/wp-json\/wp\/v2\/pages\/21252910\/revisions"}],"wp:attachment":[{"href":"https:\/\/www.vonhoff.ch\/it\/wp-json\/wp\/v2\/media?parent=21252910"}],"wp:term":[{"taxonomy":"dipi_cpt_category","embeddable":true,"href":"https:\/\/www.vonhoff.ch\/it\/wp-json\/wp\/v2\/dipi_cpt_category?post=21252910"}],"curies":[{"name":"wp","href":"https:\/\/api.w.org\/{rel}","templated":true}]}}