{"id":21261265,"date":"2025-09-29T17:43:30","date_gmt":"2025-09-29T15:43:30","guid":{"rendered":"https:\/\/www.vonhoff.ch\/75-ans\/"},"modified":"2025-11-24T20:09:59","modified_gmt":"2025-11-24T19:09:59","slug":"75-ans","status":"publish","type":"page","link":"https:\/\/www.vonhoff.ch\/fr\/75-ans\/","title":{"rendered":"75 ans"},"content":{"rendered":"<p>[et_pb_section fb_built=\u00a0\u00bb1&Prime; fullwidth=\u00a0\u00bbon\u00a0\u00bb _builder_version=\u00a0\u00bb4.27.4&Prime; _module_preset=\u00a0\u00bbdefault\u00a0\u00bb background_image=\u00a0\u00bbhttps:\/\/www.vonhoff.ch\/wp-content\/uploads\/2025\/10\/jubilaeum_aktion.jpg\u00a0\u00bb background_last_edited=\u00a0\u00bbon|phone\u00a0\u00bb background_image_phone=\u00a0\u00bbhttps:\/\/www.vonhoff.ch\/wp-content\/uploads\/2025\/10\/75jahre_Aktion.jpg\u00a0\u00bb background_enable_image_phone=\u00a0\u00bbon\u00a0\u00bb background_size_phone=\u00a0\u00bbcontain\u00a0\u00bb global_colors_info=\u00a0\u00bb{}\u00a0\u00bb][et_pb_fullwidth_header title=\u00a0\u00bb25 % de remise anniversaire sur les appareils d\u2019atelier Nidek\u00a0\u00bb button_one_url=\u00a0\u00bbhttps:\/\/www.vonhoff.ch\/fr\/contact\/#anfrage\u00a0\u00bb content_max_width=\u00a0\u00bb80%\u00a0\u00bb content_max_width_tablet=\u00a0\u00bb100%\u00a0\u00bb content_max_width_phone=\u00a0\u00bb100%\u00a0\u00bb content_max_width_last_edited=\u00a0\u00bbon|phone\u00a0\u00bb _builder_version=\u00a0\u00bb4.27.4&Prime; _module_preset=\u00a0\u00bbdefault\u00a0\u00bb title_level=\u00a0\u00bbh2&Prime; title_font=\u00a0\u00bb|600|||||||\u00a0\u00bb title_text_color=\u00a0\u00bb#CD0D21&Prime; title_font_size=\u00a0\u00bb60px\u00a0\u00bb content_text_color=\u00a0\u00bb#000000&Prime; content_font_size=\u00a0\u00bb30px\u00a0\u00bb content_line_height=\u00a0\u00bb1.2em\u00a0\u00bb background_enable_color=\u00a0\u00bboff\u00a0\u00bb background_enable_image=\u00a0\u00bboff\u00a0\u00bb custom_button_one=\u00a0\u00bbon\u00a0\u00bb button_one_text_size=\u00a0\u00bb20px\u00a0\u00bb button_one_text_color=\u00a0\u00bb#FFFFFF\u00a0\u00bb button_one_bg_color=\u00a0\u00bb#CD0D21&Prime; button_one_border_width=\u00a0\u00bb0px\u00a0\u00bb button_one_border_radius=\u00a0\u00bb100px\u00a0\u00bb button_one_icon=\u00a0\u00bb&#x35;||divi||400&Prime; button_one_custom_padding=\u00a0\u00bb10px|30px|10px|30px|true|true\u00a0\u00bb custom_padding=\u00a0\u00bb37vh||8vh||false|false\u00a0\u00bb custom_padding_tablet=\u00a0\u00bb30vh||10vh||false|false\u00a0\u00bb custom_padding_phone=\u00a0\u00bb4vh||0vh||false|false\u00a0\u00bb custom_padding_last_edited=\u00a0\u00bbon|phone\u00a0\u00bb animation_style=\u00a0\u00bbfade\u00a0\u00bb animation_duration=\u00a0\u00bb0ms\u00a0\u00bb hover_transition_duration=\u00a0\u00bb0ms\u00a0\u00bb title_font_size_tablet=\u00a0\u00bb60px\u00a0\u00bb title_font_size_phone=\u00a0\u00bb34px\u00a0\u00bb title_font_size_last_edited=\u00a0\u00bbon|phone\u00a0\u00bb content_font_size_tablet=\u00a0\u00bb30px\u00a0\u00bb content_font_size_phone=\u00a0\u00bb22px\u00a0\u00bb content_font_size_last_edited=\u00a0\u00bbon|tablet\u00a0\u00bb background_last_edited=\u00a0\u00bbon|desktop\u00a0\u00bb use_background_color_gradient_tablet=\u00a0\u00bbon\u00a0\u00bb use_background_color_gradient_phone=\u00a0\u00bbon\u00a0\u00bb background_color_gradient_direction_tablet=\u00a0\u00bb1deg\u00a0\u00bb background_color_gradient_direction_phone=\u00a0\u00bb90deg\u00a0\u00bb background_color_gradient_stops_tablet=\u00a0\u00bb#bdbec0 0%|rgba(209, 210, 211, 0.7) 0%|rgba(189,190,192,0.81) 0%|rgba(204,204,206,0.93) 42%|rgba(255,255,255,0) 66%\u00a0\u00bb background_color_gradient_stops_phone=\u00a0\u00bb#bdbec0 0%|rgba(209, 210, 211, 0.7) 0%|rgba(189,190,192,0.81) 0%|rgba(204,204,206,0.93) 0%|#f4f4f4 0%|rgba(217, 217, 219, 0.69) 56%\u00a0\u00bb background_enable_image_phone=\u00a0\u00bboff\u00a0\u00bb background_size_phone=\u00a0\u00bbcover\u00a0\u00bb global_colors_info=\u00a0\u00bb{}\u00a0\u00bb]<\/p>\n<p>Nous c\u00e9l\u00e9brons 75 ans de VONHOFF<\/p>\n<p>[\/et_pb_fullwidth_header][\/et_pb_section][et_pb_section fb_built=\u00a0\u00bb1&Prime; module_id=\u00a0\u00bbwut\u00a0\u00bb _builder_version=\u00a0\u00bb4.21.0&Prime; _module_preset=\u00a0\u00bbdefault\u00a0\u00bb background_enable_color=\u00a0\u00bboff\u00a0\u00bb custom_margin=\u00a0\u00bb23px||||false|false\u00a0\u00bb custom_padding=\u00a0\u00bb||||false|false\u00a0\u00bb bottom_divider_height=\u00a0\u00bb60px\u00a0\u00bb bottom_divider_flip=\u00a0\u00bbhorizontal\u00a0\u00bb border_color_top=\u00a0\u00bb#A5303B\u00a0\u00bb border_style_top=\u00a0\u00bbdotted\u00a0\u00bb border_color_bottom=\u00a0\u00bb#A5303B\u00a0\u00bb locked=\u00a0\u00bboff\u00a0\u00bb global_colors_info=\u00a0\u00bb{}\u00a0\u00bb][et_pb_row _builder_version=\u00a0\u00bb4.27.4&Prime; _module_preset=\u00a0\u00bbdefault\u00a0\u00bb locked=\u00a0\u00bboff\u00a0\u00bb global_colors_info=\u00a0\u00bb{}\u00a0\u00bb][et_pb_column type=\u00a0\u00bb4_4&Prime; _builder_version=\u00a0\u00bb4.27.4&Prime; _module_preset=\u00a0\u00bbdefault\u00a0\u00bb global_colors_info=\u00a0\u00bb{}\u00a0\u00bb][et_pb_text _builder_version=\u00a0\u00bb4.27.4&Prime; _module_preset=\u00a0\u00bbdefault\u00a0\u00bb text_font=\u00a0\u00bb||||||||\u00a0\u00bb text_text_color=\u00a0\u00bb#000000&Prime; text_font_size=\u00a0\u00bb20px\u00a0\u00bb header_font=\u00a0\u00bb|600|||||||\u00a0\u00bb header_text_color=\u00a0\u00bb#CD0D21&Prime; header_2_font=\u00a0\u00bb|600|||||||\u00a0\u00bb header_2_text_color=\u00a0\u00bb#CD0D21&Prime; header_2_font_size=\u00a0\u00bb50px\u00a0\u00bb custom_padding=\u00a0\u00bb||0px|||\u00a0\u00bb animation_style=\u00a0\u00bbfade\u00a0\u00bb animation_starting_opacity=\u00a0\u00bb4%\u00a0\u00bb header_2_font_size_tablet=\u00a0\u00bb30px\u00a0\u00bb header_2_font_size_phone=\u00a0\u00bb30px\u00a0\u00bb global_colors_info=\u00a0\u00bb{}\u00a0\u00bb]<\/p>\n<h2>Activer votre code anniversaire et obtenir votre r\u00e9duction<\/h2>\n<p>[\/et_pb_text][et_pb_text _builder_version=\u00a0\u00bb4.27.4&Prime; _module_preset=\u00a0\u00bbdefault\u00a0\u00bb global_colors_info=\u00a0\u00bb{}\u00a0\u00bb custom_padding=\u00a0\u00bb||1px|||\u00a0\u00bb]<\/p>\n<p>Activez d\u00e8s maintenant votre code anniversaire, sans engagement, et b\u00e9n\u00e9ficiez jusqu\u2019au <strong data-start=\"480\" data-end=\"494\">31 d\u00e9cembre 2025<\/strong> d\u2019une remise exclusive de <strong data-start=\"504\" data-end=\"543\">25 % sur les syst\u00e8mes de fa\u00e7onnage des verres Nidek<\/strong>.<\/p>\n<p>[\/et_pb_text][\/et_pb_column][\/et_pb_row][et_pb_row make_equal=\u00a0\u00bbon\u00a0\u00bb disabled_on=\u00a0\u00bboff|off|off\u00a0\u00bb _builder_version=\u00a0\u00bb4.27.4&Prime; _module_preset=\u00a0\u00bbdefault\u00a0\u00bb custom_css_free_form=\u00a0\u00bbselector||{||display: flex;||align-items: center;||}\u00a0\u00bb locked=\u00a0\u00bboff\u00a0\u00bb global_colors_info=\u00a0\u00bb{}\u00a0\u00bb][et_pb_column type=\u00a0\u00bb4_4&Prime; _builder_version=\u00a0\u00bb4.27.4&Prime; _module_preset=\u00a0\u00bbdefault\u00a0\u00bb background_enable_image=\u00a0\u00bboff\u00a0\u00bb global_colors_info=\u00a0\u00bb{}\u00a0\u00bb][et_pb_text _builder_version=\u00a0\u00bb4.27.4&Prime; _module_preset=\u00a0\u00bbdefault\u00a0\u00bb global_colors_info=\u00a0\u00bb{}\u00a0\u00bb]<\/p>\n<h3 data-start=\"548\" data-end=\"573\"><strong data-start=\"548\" data-end=\"571\">Instructions pour le formulaire<\/strong><\/h3>\n<ol>\n<li data-start=\"577\" data-end=\"625\">Saisissez le code anniversaire VONHOFF75.<\/li>\n<li data-start=\"577\" data-end=\"625\">Remplissez le formulaire.<\/li>\n<li data-start=\"577\" data-end=\"625\">Vous recevrez une confirmation par e-mail.<\/li>\n<\/ol>\n<p>L\u2019activation est sans engagement et ne constitue pas une commande.<\/p>\n<p>Pour b\u00e9n\u00e9ficier de la remise, la commande doit \u00eatre effectu\u00e9e <strong data-start=\"871\" data-end=\"885\"><strong>au plus tard<\/strong> le 31 d\u00e9cembre 2025<\/strong>.<\/p>\n<p>Activer le code de r\u00e9duction maintenant.<\/p>\n<p>[\/et_pb_text][et_pb_text _builder_version=\u00a0\u00bb4.27.4&Prime; _module_preset=\u00a0\u00bbdefault\u00a0\u00bb global_colors_info=\u00a0\u00bb{}\u00a0\u00bb]<\/p>\n<div class=\"frm_forms  with_frm_style frm_style_formidable-style\" id=\"frm_form_13_container\" data-token=\"56dd72d6531c6125d7c3c0c1a266957c\">\n<form enctype=\"multipart\/form-data\" method=\"post\" class=\"frm-show-form  frm_ajax_submit  frm_pro_form \" id=\"form_ysxh225\" data-token=\"56dd72d6531c6125d7c3c0c1a266957c\">\n<div class=\"frm_form_fields \">\n<fieldset>\n<legend class=\"frm_hidden\">Contact<\/legend>\r\n\r\n<div class=\"frm_fields_container\">\n<input type=\"hidden\" name=\"frm_action\" value=\"create\" \/>\n<input type=\"hidden\" name=\"form_id\" value=\"13\" \/>\n<input type=\"hidden\" name=\"frm_hide_fields_13\" id=\"frm_hide_fields_13\" value=\"\" \/>\n<input type=\"hidden\" name=\"form_key\" value=\"ysxh225\" \/>\n<input type=\"hidden\" name=\"item_meta[0]\" value=\"\" \/>\n<input type=\"hidden\" id=\"frm_submit_entry_13\" name=\"frm_submit_entry_13\" value=\"e239192166\" \/><input type=\"hidden\" name=\"_wp_http_referer\" value=\"\/fr\/wp-json\/wp\/v2\/pages\/21261265\" \/><div id=\"frm_field_248_container\" class=\"frm_form_field form-field  frm_required_field frm_top_container frm12 frm_first\">\r\n\t<label for=\"field_u4p0v3\" id=\"field_u4p0v3_label\" class=\"frm_primary_label\">Code de r\u00e9duction\r\n\t\t<span class=\"frm_required\" aria-hidden=\"true\">*<\/span>\r\n\t<\/label>\r\n\t<input  type=\"text\" id=\"field_u4p0v3\" name=\"item_meta[248]\" value=\"\"  autocomplete=\"off\"  data-reqmsg=\"Ce champ ne doit pas \u00eatre vide.\" aria-required=\"true\" data-invmsg=\"Code de r\u00e9duction ist ung\u00fcltig\" aria-invalid=\"false\"   aria-describedby=\"frm_desc_field_u4p0v3\" \/>\r\n\t<div class=\"frm_description\" id=\"frm_desc_field_u4p0v3\">Activer le code de r\u00e9duction ici<\/div>\r\n\t\r\n<\/div>\n<div id=\"frm_field_243_container\" class=\"frm_form_field form-field  frm_required_field frm_top_container frm_sixth\">\r\n    <label for=\"field_z98ti4\" id=\"field_z98ti4_label\" class=\"frm_primary_label\">Salutation\r\n        <span class=\"frm_required\" aria-hidden=\"true\">*<\/span>\r\n    <\/label>\r\n    \t\t<select name=\"item_meta[243]\" id=\"field_z98ti4\"  data-placeholder=\"--\"  placeholder=\"--\" data-reqmsg=\"Ce champ ne doit pas \u00eatre vide.\" aria-required=\"true\" data-invmsg=\"Salutation ist ung\u00fcltig\" aria-invalid=\"false\"  >\n\t\t<option  class=\"frm-select-placeholder\" value=\"\" data-placeholder=\"true\">--<\/option><option  value=\"Frau\">Madame<\/option><option  value=\"Herr\">Monsieur<\/option>\t<\/select>\n\t\r\n    \r\n    \r\n<\/div>\n<div id=\"frm_field_244_container\" class=\"frm_form_field form-field  frm_required_field frm_top_container frm_third\">\r\n    <label for=\"field_7941z4\" class=\"frm_primary_label\">Pr\u00e9nom\r\n        <span class=\"frm_required\">*<\/span>\r\n    <\/label>\r\n    <input  type=\"text\" id=\"field_7941z4\" name=\"item_meta[244]\" value=\"\"  autocomplete=\"off\"  data-reqmsg=\"Ce champ ne doit pas \u00eatre vide.\" aria-required=\"true\" data-invmsg=\"Vorname ist ung\u00fcltig\" aria-invalid=\"false\"   \/>\r\n    \r\n    \r\n<\/div>\n<div id=\"frm_field_245_container\" class=\"frm_form_field form-field  frm_required_field frm_top_container frm_half\">\r\n    <label for=\"field_qjejj5\" class=\"frm_primary_label\">Nom\r\n        <span class=\"frm_required\">*<\/span>\r\n    <\/label>\r\n    <input  type=\"text\" id=\"field_qjejj5\" name=\"item_meta[245]\" value=\"\"  autocomplete=\"off\"  data-reqmsg=\"Ce champ ne doit pas \u00eatre vide.\" aria-required=\"true\" data-invmsg=\"Nachname ist ung\u00fcltig\" aria-invalid=\"false\"   \/>\r\n    \r\n    \r\n<\/div>\n<div id=\"frm_field_246_container\" class=\"frm_form_field form-field  frm_required_field frm_top_container frm_first frm_half\">\r\n    <label for=\"field_4qkl05\" class=\"frm_primary_label\">Adresse e-mail\r\n        <span class=\"frm_required\">*<\/span>\r\n    <\/label>\r\n    <input type=\"email\" id=\"field_4qkl05\" name=\"item_meta[246]\" value=\"\"  autocomplete=\"off\"  data-reqmsg=\"Ce champ ne doit pas \u00eatre vide. \" aria-required=\"true\" data-invmsg=\"L&#039;adresse e-mail n&#039;est pas valide\" aria-invalid=\"false\"  \/>\r\n    \r\n    \r\n<\/div>\n<div id=\"frm_field_247_container\" class=\"frm_form_field form-field  frm_top_container frm_half\">\r\n    <label for=\"field_jvk0b5\" class=\"frm_primary_label\">T\u00e9l\u00e9phone \/ Mobile\r\n        <span class=\"frm_required\"><\/span>\r\n    <\/label>\r\n    <input  type=\"text\" id=\"field_jvk0b5\" name=\"item_meta[247]\" value=\"\"  autocomplete=\"off\"  data-invmsg=\"Telefon Nr. ist ung\u00fcltig\" aria-invalid=\"false\"   \/>\r\n    \r\n    \r\n<\/div>\n<div id=\"frm_field_253_container\" class=\"frm_form_field form-field  frm_required_field frm_top_container frm6 frm_first\">\r\n\t<label for=\"field_luuqf\" id=\"field_luuqf_label\" class=\"frm_primary_label\">Soci\u00e9t\u00e9\r\n\t\t<span class=\"frm_required\" aria-hidden=\"true\">*<\/span>\r\n\t<\/label>\r\n\t<input  type=\"text\" id=\"field_luuqf\" name=\"item_meta[253]\" value=\"\"  autocomplete=\"off\"  data-reqmsg=\"Ce champ ne doit pas \u00eatre vide.\" aria-required=\"true\" data-invmsg=\"Soci\u00e9t\u00e9 ist ung\u00fcltig\" aria-invalid=\"false\"   \/>\r\n\t\r\n\t\r\n<\/div>\n<div id=\"frm_field_257_container\" class=\"frm_form_field form-field  frm_top_container frm6\">\r\n\t<label for=\"field_2lf74\" id=\"field_2lf74_label\" class=\"frm_primary_label\">Produit souhait\u00e9 (si d\u00e9j\u00e0 connu)\r\n\t\t<span class=\"frm_required\" aria-hidden=\"true\"><\/span>\r\n\t<\/label>\r\n\t<input  type=\"text\" id=\"field_2lf74\" name=\"item_meta[257]\" value=\"\"  autocomplete=\"off\"  data-invmsg=\"Produit souhait\u00e9 (si d\u00e9j\u00e0 connu) ist ung\u00fcltig\" aria-invalid=\"false\"   \/>\r\n\t\r\n\t\r\n<\/div>\n<div id=\"frm_field_258_container\" class=\"frm_form_field form-field  frm_required_field frm_top_container vertical_radio\">\r\n\t<div  id=\"field_ql1d5_label\" class=\"frm_primary_label\">Protection des donn\u00e9es\r\n\t\t<span class=\"frm_required\" aria-hidden=\"true\">*<\/span>\r\n\t<\/div>\r\n\t<div class=\"frm_opt_container\" aria-labelledby=\"field_ql1d5_label\" role=\"group\">\t\t<div class=\"frm_checkbox\" id=\"frm_checkbox_258-0\">\t\t\t<label  for=\"field_ql1d5-0\">\n\t\t\t<input type=\"checkbox\" name=\"item_meta[258][]\" id=\"field_ql1d5-0\" value=\"Option 1\"  data-reqmsg=\"Ce champ ne doit pas \u00eatre vide.\" data-invmsg=\"Protection des donn\u00e9es ist ung\u00fcltig\"   aria-required=\"true\"  \/> Je confirme que mes informations seront trait\u00e9es conform\u00e9ment \u00e0 la <a href=\"https:\/\/www.vonhoff.ch\/datenschutzerklaerung\/\" target=\"_blank\" rel=\"noopener\">politique de confidentialit\u00e9 de VONHOFF<\/a>.<\/label><\/div>\n<\/div>\r\n\t\r\n\t\r\n<\/div>\n<div id=\"frm_field_250_container\" class=\"frm_form_field form-field  frm_none_container\">\r\n    <label  class=\"frm_primary_label\">Consigne de s\u00e9curit\u00e9\r\n        <span class=\"frm_required\"><\/span>\r\n    <\/label>\r\n    <div  id=\"field_m3rpf5\" class=\"g-recaptcha\" data-sitekey=\"6LdP43wUAAAAAAB5oK2q9HM9kh6qPGnPj2ItPnjh\" data-size=\"normal\" data-theme=\"light\"><\/div>\r\n    \r\n    \r\n<\/div>\n<div id=\"frm_field_251_container\" class=\"frm_form_field form-field \">\r\n\t<div class=\"frm_submit\">\r\n\r\n<button class=\"frm_button_submit frm_final_submit\" type=\"submit\"   formnovalidate=\"formnovalidate\">Activer<\/button>\r\n\r\n<\/div>\r\n<\/div>\n\t<input type=\"hidden\" name=\"item_key\" value=\"\" \/>\n\t\t\t<div id=\"frm_field_293_container\">\n\t\t\t<label for=\"field_aaqc1\" >\n\t\t\t\tSi vous \u00eates un humain, ne remplissez pas ce champ.\t\t\t<\/label>\n\t\t\t<input  id=\"field_aaqc1\" type=\"text\" class=\"frm_form_field form-field frm_verify\" name=\"item_meta[293]\" value=\"\"  \/>\n\t\t<\/div>\n\t\t<input name=\"frm_state\" type=\"hidden\" value=\"doh30Qt4++Pe4cc2E3coNlzx39VxRLWV4gAc6uzRbwyvJD8XqtyZsPdkpKdlXKaG\" \/><\/div>\n<\/fieldset>\n<\/div>\n\n<\/form>\n<\/div>\n\n<p>[\/et_pb_text][\/et_pb_column][\/et_pb_row][\/et_pb_section][et_pb_section fb_built=\u00a0\u00bb1&Prime; _builder_version=\u00a0\u00bb4.27.4&Prime; _module_preset=\u00a0\u00bbdefault\u00a0\u00bb background_image=\u00a0\u00bbhttps:\/\/www.vonhoff.ch\/wp-content\/uploads\/2023\/07\/About-us-Parallax-History.jpg\u00a0\u00bb parallax=\u00a0\u00bbon\u00a0\u00bb background_blend=\u00a0\u00bbmultiply\u00a0\u00bb locked=\u00a0\u00bboff\u00a0\u00bb global_colors_info=\u00a0\u00bb{}\u00a0\u00bb][et_pb_row _builder_version=\u00a0\u00bb4.20.0&Prime; _module_preset=\u00a0\u00bbdefault\u00a0\u00bb custom_margin=\u00a0\u00bb5vw||5vw||true|false\u00a0\u00bb custom_margin_tablet=\u00a0\u00bb5vw||5vw||true|false\u00a0\u00bb custom_margin_phone=\u00a0\u00bb5vw||5vw||true|false\u00a0\u00bb custom_margin_last_edited=\u00a0\u00bbon|desktop\u00a0\u00bb global_colors_info=\u00a0\u00bb{}\u00a0\u00bb][et_pb_column type=\u00a0\u00bb4_4&Prime; _builder_version=\u00a0\u00bb4.20.0&Prime; _module_preset=\u00a0\u00bbdefault\u00a0\u00bb global_colors_info=\u00a0\u00bb{}\u00a0\u00bb][\/et_pb_column][\/et_pb_row][\/et_pb_section]<\/p>\n","protected":false},"excerpt":{"rendered":"<p>Nous c\u00e9l\u00e9brons 75 ans de VONHOFFActiver votre code anniversaire et obtenir votre r\u00e9ductionActivez d\u00e8s maintenant votre code anniversaire, sans engagement, et b\u00e9n\u00e9ficiez jusqu\u2019au 31 d\u00e9cembre 2025 d\u2019une remise exclusive de 25 % sur les syst\u00e8mes de fa\u00e7onnage des verres Nidek.Instructions pour le formulaire Saisissez le code anniversaire VONHOFF75. Remplissez le formulaire. Vous recevrez une confirmation [&hellip;]<\/p>\n","protected":false},"author":7,"featured_media":0,"parent":0,"menu_order":0,"comment_status":"closed","ping_status":"closed","template":"","meta":{"_et_pb_use_builder":"on","_et_pb_old_content":"","_et_gb_content_width":"","footnotes":""},"dipi_cpt_category":[],"class_list":["post-21261265","page","type-page","status-publish","hentry"],"_links":{"self":[{"href":"https:\/\/www.vonhoff.ch\/fr\/wp-json\/wp\/v2\/pages\/21261265","targetHints":{"allow":["GET"]}}],"collection":[{"href":"https:\/\/www.vonhoff.ch\/fr\/wp-json\/wp\/v2\/pages"}],"about":[{"href":"https:\/\/www.vonhoff.ch\/fr\/wp-json\/wp\/v2\/types\/page"}],"author":[{"embeddable":true,"href":"https:\/\/www.vonhoff.ch\/fr\/wp-json\/wp\/v2\/users\/7"}],"replies":[{"embeddable":true,"href":"https:\/\/www.vonhoff.ch\/fr\/wp-json\/wp\/v2\/comments?post=21261265"}],"version-history":[{"count":13,"href":"https:\/\/www.vonhoff.ch\/fr\/wp-json\/wp\/v2\/pages\/21261265\/revisions"}],"predecessor-version":[{"id":21261321,"href":"https:\/\/www.vonhoff.ch\/fr\/wp-json\/wp\/v2\/pages\/21261265\/revisions\/21261321"}],"wp:attachment":[{"href":"https:\/\/www.vonhoff.ch\/fr\/wp-json\/wp\/v2\/media?parent=21261265"}],"wp:term":[{"taxonomy":"dipi_cpt_category","embeddable":true,"href":"https:\/\/www.vonhoff.ch\/fr\/wp-json\/wp\/v2\/dipi_cpt_category?post=21261265"}],"curies":[{"name":"wp","href":"https:\/\/api.w.org\/{rel}","templated":true}]}}