{"id":21252383,"date":"2023-08-17T08:19:23","date_gmt":"2023-08-17T06:19:23","guid":{"rendered":"https:\/\/www.vonhoff.ch\/prestations-de-service\/beratung-planung-projekte\/"},"modified":"2023-09-13T15:07:33","modified_gmt":"2023-09-13T13:07:33","slug":"conseil-et-planification-des-projets","status":"publish","type":"page","link":"https:\/\/www.vonhoff.ch\/fr\/prestations-de-service\/conseil-et-planification-des-projets\/","title":{"rendered":"Conseil et planification des projets"},"content":{"rendered":"<p>[et_pb_section fb_built=\u00a0\u00bb1&Prime; disabled_on=\u00a0\u00bboff|off|off\u00a0\u00bb _builder_version=\u00a0\u00bb4.22.0&Prime; _module_preset=\u00a0\u00bbdefault\u00a0\u00bb background_image=\u00a0\u00bbhttps:\/\/www.vonhoff.ch\/wp-content\/uploads\/2023\/07\/About-us-Parallax-Karriere.jpg\u00a0\u00bb height=\u00a0\u00bb400px\u00a0\u00bb height_tablet=\u00a0\u00bb300px\u00a0\u00bb height_phone=\u00a0\u00bb250px\u00a0\u00bb height_last_edited=\u00a0\u00bbon|phone\u00a0\u00bb custom_padding=\u00a0\u00bb0px||0px||true|false\u00a0\u00bb bottom_divider_flip=\u00a0\u00bbhorizontal\u00a0\u00bb bottom_divider_height_tablet=\u00a0\u00bb50px\u00a0\u00bb bottom_divider_height_phone=\u00a0\u00bb30px\u00a0\u00bb bottom_divider_height_last_edited=\u00a0\u00bboff|desktop\u00a0\u00bb saved_tabs=\u00a0\u00bball\u00a0\u00bb locked=\u00a0\u00bboff\u00a0\u00bb global_colors_info=\u00a0\u00bb{}\u00a0\u00bb][\/et_pb_section][et_pb_section fb_built=\u00a0\u00bb1&Prime; module_id=\u00a0\u00bbwut\u00a0\u00bb _builder_version=\u00a0\u00bb4.19.5&Prime; _module_preset=\u00a0\u00bbdefault\u00a0\u00bb background_enable_color=\u00a0\u00bboff\u00a0\u00bb custom_margin=\u00a0\u00bb||||false|false\u00a0\u00bb custom_padding=\u00a0\u00bb||||false|false\u00a0\u00bb bottom_divider_height=\u00a0\u00bb60px\u00a0\u00bb bottom_divider_flip=\u00a0\u00bbhorizontal\u00a0\u00bb border_color_top=\u00a0\u00bb#A5303B\u00a0\u00bb border_style_top=\u00a0\u00bbdotted\u00a0\u00bb border_color_bottom=\u00a0\u00bb#A5303B\u00a0\u00bb locked=\u00a0\u00bboff\u00a0\u00bb global_colors_info=\u00a0\u00bb{}\u00a0\u00bb][et_pb_row _builder_version=\u00a0\u00bb4.21.0&Prime; _module_preset=\u00a0\u00bbdefault\u00a0\u00bb background_enable_color=\u00a0\u00bboff\u00a0\u00bb custom_margin=\u00a0\u00bb||||false|false\u00a0\u00bb custom_padding=\u00a0\u00bb||0px||false|false\u00a0\u00bb saved_tabs=\u00a0\u00bball\u00a0\u00bb locked=\u00a0\u00bboff\u00a0\u00bb global_colors_info=\u00a0\u00bb{}\u00a0\u00bb][et_pb_column type=\u00a0\u00bb4_4&Prime; _builder_version=\u00a0\u00bb4.20.2&Prime; _module_preset=\u00a0\u00bbdefault\u00a0\u00bb global_colors_info=\u00a0\u00bb{}\u00a0\u00bb][et_pb_post_title meta=\u00a0\u00bboff\u00a0\u00bb featured_image=\u00a0\u00bboff\u00a0\u00bb _builder_version=\u00a0\u00bb4.22.1&Prime; _module_preset=\u00a0\u00bbdefault\u00a0\u00bb title_font=\u00a0\u00bb|300|||||||\u00a0\u00bb title_text_color=\u00a0\u00bb#000000&Prime; global_colors_info=\u00a0\u00bb{}\u00a0\u00bb][\/et_pb_post_title][\/et_pb_column][\/et_pb_row][et_pb_row _builder_version=\u00a0\u00bb4.20.4&Prime; _module_preset=\u00a0\u00bbdefault\u00a0\u00bb custom_margin=\u00a0\u00bb||||false|false\u00a0\u00bb custom_margin_last_edited=\u00a0\u00bboff|desktop\u00a0\u00bb custom_padding=\u00a0\u00bb||||false|false\u00a0\u00bb locked=\u00a0\u00bboff\u00a0\u00bb global_colors_info=\u00a0\u00bb{}\u00a0\u00bb][et_pb_column type=\u00a0\u00bb4_4&Prime; _builder_version=\u00a0\u00bb4.17.4&Prime; _module_preset=\u00a0\u00bbdefault\u00a0\u00bb global_colors_info=\u00a0\u00bb{}\u00a0\u00bb][et_pb_text _builder_version=\u00a0\u00bb4.22.1&Prime; _module_preset=\u00a0\u00bbdefault\u00a0\u00bb custom_padding=\u00a0\u00bb1px||0px|||\u00a0\u00bb hover_enabled=\u00a0\u00bb0&Prime; header_2_font_size_last_edited=\u00a0\u00bboff|desktop\u00a0\u00bb global_colors_info=\u00a0\u00bb{}\u00a0\u00bb sticky_enabled=\u00a0\u00bb0&Prime;]<\/p>\n<p>Que vous r\u00eaviez de cr\u00e9er votre propre cabinet ou clinique, pr\u00e9voyez d\u2019installer une nouvelle salle de r\u00e9fraction ou de modifier l\u2019existante, ou que vous ayez simplement besoin d\u2019assistance et de conseils relatifs \u00e0 nos produits, nous vous assistons et vous aidons activement \u00e0 concr\u00e9tiser vos r\u00eaves. Forts de notre exp\u00e9rience de longue date et des techniques les plus modernes, nous pouvons vous conseiller de mani\u00e8re optimale et vous assurer ainsi un travail agr\u00e9able et efficace. Nous \u00e9tablissons les plans et les sch\u00e9mas, nous assurons la coordination de l\u2019ensemble des aspects techniques de votre projet ainsi que leur r\u00e9alisation sur site avec la collaboration des sp\u00e9cialistes.<\/p>\n<p>Contactez nos experts\u00a0!<\/p>\n<p>[\/et_pb_text][\/et_pb_column][\/et_pb_row][et_pb_row _builder_version=\u00a0\u00bb4.20.4&Prime; _module_preset=\u00a0\u00bbdefault\u00a0\u00bb custom_margin=\u00a0\u00bb||||false|false\u00a0\u00bb custom_padding=\u00a0\u00bb||||false|false\u00a0\u00bb global_colors_info=\u00a0\u00bb{}\u00a0\u00bb][et_pb_column type=\u00a0\u00bb4_4&Prime; _builder_version=\u00a0\u00bb4.20.4&Prime; _module_preset=\u00a0\u00bbdefault\u00a0\u00bb global_colors_info=\u00a0\u00bb{}\u00a0\u00bb][et_pb_text _builder_version=\u00a0\u00bb4.22.1&Prime; _module_preset=\u00a0\u00bbdefault\u00a0\u00bb hover_enabled=\u00a0\u00bb0&Prime; global_colors_info=\u00a0\u00bb{}\u00a0\u00bb sticky_enabled=\u00a0\u00bb0&Prime;]<\/p>\n<h4>Diagnostic<\/h4>\n<p>[\/et_pb_text][dipl_team_grid posts_number=\u00a0\u00bb99&Prime; post_order=\u00a0\u00bbASC\u00a0\u00bb post_order_by=\u00a0\u00bbID\u00a0\u00bb include_categories=\u00a0\u00bb48&Prime; grid_overlay_bg_color=\u00a0\u00bbrgba(9,19,50,0.8)\u00a0\u00bb image_size=\u00a0\u00bbfull\u00a0\u00bb number_of_columns=\u00a0\u00bb5&Prime; team_content_custom_padding=\u00a0\u00bb5px|10px|5px|10px|on|on\u00a0\u00bb social_icon_size=\u00a0\u00bb20px\u00a0\u00bb social_icon_color=\u00a0\u00bb#FFFFFF\u00a0\u00bb number_of_columns_tablet=\u00a0\u00bb2&Prime; number_of_columns_phone=\u00a0\u00bb1&Prime; number_of_columns_last_edited=\u00a0\u00bbon|desktop\u00a0\u00bb _builder_version=\u00a0\u00bb4.20.4&Prime; _module_preset=\u00a0\u00bbdefault\u00a0\u00bb name_font=\u00a0\u00bb|600|||||||\u00a0\u00bb name_text_color=\u00a0\u00bb#FFFFFF\u00a0\u00bb designation_font=\u00a0\u00bb||||||||\u00a0\u00bb designation_text_color=\u00a0\u00bb#FFFFFF\u00a0\u00bb short_description_text_color=\u00a0\u00bb#FFFFFF\u00a0\u00bb global_colors_info=\u00a0\u00bb{}\u00a0\u00bb social_icon_color__hover_enabled=\u00a0\u00bbon|desktop\u00a0\u00bb social_icon_color__hover=\u00a0\u00bb#BDBEC0&Prime;][\/dipl_team_grid][et_pb_text _builder_version=\u00a0\u00bb4.21.0&Prime; _module_preset=\u00a0\u00bbdefault\u00a0\u00bb custom_padding=\u00a0\u00bb0px|||||\u00a0\u00bb global_colors_info=\u00a0\u00bb{}\u00a0\u00bb]<\/p>\n<h4>Chirurgie<\/h4>\n<p>[\/et_pb_text][dipl_team_grid posts_number=\u00a0\u00bb99&Prime; include_categories=\u00a0\u00bb242&Prime; grid_overlay_bg_color=\u00a0\u00bbrgba(9,19,50,0.8)\u00a0\u00bb image_size=\u00a0\u00bbfull\u00a0\u00bb number_of_columns=\u00a0\u00bb5&Prime; team_content_custom_padding=\u00a0\u00bb5px|10px|5px|10px|on|on\u00a0\u00bb social_icon_size=\u00a0\u00bb20px\u00a0\u00bb social_icon_color=\u00a0\u00bb#FFFFFF\u00a0\u00bb number_of_columns_tablet=\u00a0\u00bb2&Prime; number_of_columns_phone=\u00a0\u00bb1&Prime; number_of_columns_last_edited=\u00a0\u00bbon|desktop\u00a0\u00bb _builder_version=\u00a0\u00bb4.21.0&Prime; _module_preset=\u00a0\u00bbdefault\u00a0\u00bb name_font=\u00a0\u00bb|600|||||||\u00a0\u00bb name_text_color=\u00a0\u00bb#FFFFFF\u00a0\u00bb designation_font=\u00a0\u00bb||||||||\u00a0\u00bb designation_text_color=\u00a0\u00bb#FFFFFF\u00a0\u00bb short_description_text_color=\u00a0\u00bb#FFFFFF\u00a0\u00bb global_colors_info=\u00a0\u00bb{}\u00a0\u00bb social_icon_color__hover_enabled=\u00a0\u00bbon|desktop\u00a0\u00bb social_icon_color__hover=\u00a0\u00bb#BDBEC0&Prime;][\/dipl_team_grid][et_pb_text _builder_version=\u00a0\u00bb4.22.1&Prime; _module_preset=\u00a0\u00bbdefault\u00a0\u00bb custom_padding=\u00a0\u00bb0px|||||\u00a0\u00bb hover_enabled=\u00a0\u00bb0&Prime; global_colors_info=\u00a0\u00bb{}\u00a0\u00bb sticky_enabled=\u00a0\u00bb0&Prime;]<\/p>\n<h4>Atelier d\u2019optique<\/h4>\n<p>[\/et_pb_text][dipl_team_grid posts_number=\u00a0\u00bb99&Prime; post_order_by=\u00a0\u00bbID\u00a0\u00bb include_categories=\u00a0\u00bb243&Prime; grid_overlay_bg_color=\u00a0\u00bbrgba(9,19,50,0.8)\u00a0\u00bb image_size=\u00a0\u00bbfull\u00a0\u00bb number_of_columns=\u00a0\u00bb5&Prime; team_content_custom_padding=\u00a0\u00bb5px|10px|5px|10px|on|on\u00a0\u00bb social_icon_size=\u00a0\u00bb20px\u00a0\u00bb social_icon_color=\u00a0\u00bb#FFFFFF\u00a0\u00bb number_of_columns_tablet=\u00a0\u00bb2&Prime; number_of_columns_phone=\u00a0\u00bb1&Prime; number_of_columns_last_edited=\u00a0\u00bbon|desktop\u00a0\u00bb _builder_version=\u00a0\u00bb4.21.0&Prime; _module_preset=\u00a0\u00bbdefault\u00a0\u00bb name_font=\u00a0\u00bb|600|||||||\u00a0\u00bb name_text_color=\u00a0\u00bb#FFFFFF\u00a0\u00bb designation_font=\u00a0\u00bb||||||||\u00a0\u00bb designation_text_color=\u00a0\u00bb#FFFFFF\u00a0\u00bb short_description_text_color=\u00a0\u00bb#FFFFFF\u00a0\u00bb global_colors_info=\u00a0\u00bb{}\u00a0\u00bb social_icon_color__hover_enabled=\u00a0\u00bbon|desktop\u00a0\u00bb social_icon_color__hover=\u00a0\u00bb#BDBEC0&Prime;][\/dipl_team_grid][\/et_pb_column][\/et_pb_row][\/et_pb_section]<\/p>\n","protected":false},"excerpt":{"rendered":"<p>Que vous r\u00eaviez de cr\u00e9er votre propre cabinet ou clinique, pr\u00e9voyez d\u2019installer une nouvelle salle de r\u00e9fraction ou de modifier l\u2019existante, ou que vous ayez simplement besoin d\u2019assistance et de conseils relatifs \u00e0 nos produits, nous vous assistons et vous aidons activement \u00e0 concr\u00e9tiser vos r\u00eaves. Forts de notre exp\u00e9rience de longue date et des [&hellip;]<\/p>\n","protected":false},"author":2,"featured_media":0,"parent":21252371,"menu_order":0,"comment_status":"closed","ping_status":"closed","template":"","meta":{"_et_pb_use_builder":"on","_et_pb_old_content":"","_et_gb_content_width":"","footnotes":""},"dipi_cpt_category":[],"class_list":["post-21252383","page","type-page","status-publish","hentry"],"_links":{"self":[{"href":"https:\/\/www.vonhoff.ch\/fr\/wp-json\/wp\/v2\/pages\/21252383","targetHints":{"allow":["GET"]}}],"collection":[{"href":"https:\/\/www.vonhoff.ch\/fr\/wp-json\/wp\/v2\/pages"}],"about":[{"href":"https:\/\/www.vonhoff.ch\/fr\/wp-json\/wp\/v2\/types\/page"}],"author":[{"embeddable":true,"href":"https:\/\/www.vonhoff.ch\/fr\/wp-json\/wp\/v2\/users\/2"}],"replies":[{"embeddable":true,"href":"https:\/\/www.vonhoff.ch\/fr\/wp-json\/wp\/v2\/comments?post=21252383"}],"version-history":[{"count":0,"href":"https:\/\/www.vonhoff.ch\/fr\/wp-json\/wp\/v2\/pages\/21252383\/revisions"}],"up":[{"embeddable":true,"href":"https:\/\/www.vonhoff.ch\/fr\/wp-json\/wp\/v2\/pages\/21252371"}],"wp:attachment":[{"href":"https:\/\/www.vonhoff.ch\/fr\/wp-json\/wp\/v2\/media?parent=21252383"}],"wp:term":[{"taxonomy":"dipi_cpt_category","embeddable":true,"href":"https:\/\/www.vonhoff.ch\/fr\/wp-json\/wp\/v2\/dipi_cpt_category?post=21252383"}],"curies":[{"name":"wp","href":"https:\/\/api.w.org\/{rel}","templated":true}]}}