{"id":21252373,"date":"2023-08-17T08:11:16","date_gmt":"2023-08-17T06:11:16","guid":{"rendered":"https:\/\/www.vonhoff.ch\/dienstleistungen\/technischer-support\/"},"modified":"2023-09-13T15:01:48","modified_gmt":"2023-09-13T13:01:48","slug":"assistance-technique","status":"publish","type":"page","link":"https:\/\/www.vonhoff.ch\/fr\/prestations-de-service\/assistance-technique\/","title":{"rendered":"Assistance technique"},"content":{"rendered":"<p>[et_pb_section fb_built=\u00a0\u00bb1&Prime; disabled_on=\u00a0\u00bboff|off|off\u00a0\u00bb _builder_version=\u00a0\u00bb4.22.0&Prime; _module_preset=\u00a0\u00bbdefault\u00a0\u00bb background_image=\u00a0\u00bbhttps:\/\/www.vonhoff.ch\/wp-content\/uploads\/2023\/07\/Service-Header-02.jpg\u00a0\u00bb height=\u00a0\u00bb400px\u00a0\u00bb height_tablet=\u00a0\u00bb300px\u00a0\u00bb height_phone=\u00a0\u00bb250px\u00a0\u00bb height_last_edited=\u00a0\u00bbon|phone\u00a0\u00bb custom_padding=\u00a0\u00bb0px||0px||true|false\u00a0\u00bb bottom_divider_flip=\u00a0\u00bbhorizontal\u00a0\u00bb bottom_divider_height_tablet=\u00a0\u00bb50px\u00a0\u00bb bottom_divider_height_phone=\u00a0\u00bb30px\u00a0\u00bb bottom_divider_height_last_edited=\u00a0\u00bboff|desktop\u00a0\u00bb saved_tabs=\u00a0\u00bball\u00a0\u00bb locked=\u00a0\u00bboff\u00a0\u00bb global_colors_info=\u00a0\u00bb{}\u00a0\u00bb][\/et_pb_section][et_pb_section fb_built=\u00a0\u00bb1&Prime; module_id=\u00a0\u00bbwut\u00a0\u00bb _builder_version=\u00a0\u00bb4.19.5&Prime; _module_preset=\u00a0\u00bbdefault\u00a0\u00bb background_enable_color=\u00a0\u00bboff\u00a0\u00bb custom_margin=\u00a0\u00bb||||false|false\u00a0\u00bb custom_padding=\u00a0\u00bb||||false|false\u00a0\u00bb bottom_divider_height=\u00a0\u00bb60px\u00a0\u00bb bottom_divider_flip=\u00a0\u00bbhorizontal\u00a0\u00bb border_color_top=\u00a0\u00bb#A5303B\u00a0\u00bb border_style_top=\u00a0\u00bbdotted\u00a0\u00bb border_color_bottom=\u00a0\u00bb#A5303B\u00a0\u00bb locked=\u00a0\u00bboff\u00a0\u00bb global_colors_info=\u00a0\u00bb{}\u00a0\u00bb][et_pb_row _builder_version=\u00a0\u00bb4.21.0&Prime; _module_preset=\u00a0\u00bbdefault\u00a0\u00bb background_enable_color=\u00a0\u00bboff\u00a0\u00bb custom_margin=\u00a0\u00bb||||false|false\u00a0\u00bb custom_padding=\u00a0\u00bb||0px||false|false\u00a0\u00bb saved_tabs=\u00a0\u00bball\u00a0\u00bb locked=\u00a0\u00bboff\u00a0\u00bb global_colors_info=\u00a0\u00bb{}\u00a0\u00bb][et_pb_column type=\u00a0\u00bb4_4&Prime; _builder_version=\u00a0\u00bb4.20.2&Prime; _module_preset=\u00a0\u00bbdefault\u00a0\u00bb global_colors_info=\u00a0\u00bb{}\u00a0\u00bb][et_pb_post_title meta=\u00a0\u00bboff\u00a0\u00bb featured_image=\u00a0\u00bboff\u00a0\u00bb _builder_version=\u00a0\u00bb4.22.0&Prime; _module_preset=\u00a0\u00bbdefault\u00a0\u00bb title_font=\u00a0\u00bb|300|||||||\u00a0\u00bb title_text_color=\u00a0\u00bb#000000&Prime; global_colors_info=\u00a0\u00bb{}\u00a0\u00bb][\/et_pb_post_title][\/et_pb_column][\/et_pb_row][et_pb_row _builder_version=\u00a0\u00bb4.20.4&Prime; _module_preset=\u00a0\u00bbdefault\u00a0\u00bb custom_margin=\u00a0\u00bb||||false|false\u00a0\u00bb custom_margin_last_edited=\u00a0\u00bboff|desktop\u00a0\u00bb custom_padding=\u00a0\u00bb||||false|false\u00a0\u00bb locked=\u00a0\u00bboff\u00a0\u00bb global_colors_info=\u00a0\u00bb{}\u00a0\u00bb][et_pb_column type=\u00a0\u00bb4_4&Prime; _builder_version=\u00a0\u00bb4.17.4&Prime; _module_preset=\u00a0\u00bbdefault\u00a0\u00bb global_colors_info=\u00a0\u00bb{}\u00a0\u00bb][et_pb_text _builder_version=\u00a0\u00bb4.22.1&Prime; _module_preset=\u00a0\u00bbdefault\u00a0\u00bb custom_padding=\u00a0\u00bb||12px|||\u00a0\u00bb hover_enabled=\u00a0\u00bb0&Prime; header_2_font_size_last_edited=\u00a0\u00bboff|desktop\u00a0\u00bb global_colors_info=\u00a0\u00bb{}\u00a0\u00bb sticky_enabled=\u00a0\u00bb0&Prime;]<\/p>\n<p>Un personnel comp\u00e9tent et toujours joignable\u00a0: un service personnalis\u00e9, par Hotline, e-mail ou \u00e0 distance<\/p>\n<p><b style=\"font-size: 18px;\"><\/b><\/p>\n<div class=\"flex_column av-1oldqt-cd964999ece3500d68c0bed5c8714084 av_one_full  avia-builder-el-1  el_after_av_section  el_before_av_one_third  avia-builder-el-first  first flex_column_div av-zero-column-padding  \">\n<section class=\"av_textblock_section av-5nxh1-e87d4243c94d01bb61bf45a085680ca3 \" itemscope=\"itemscope\" itemtype=\"https:\/\/schema.org\/CreativeWork\">\n<div class=\"avia_textblock\" itemprop=\"text\">\n<p class=\"p2\"><span class=\"s1\">Le service apr\u00e8s-vente VON HOFF AG vous accompagne de bout en bout. Vous pouvez nous joindre par t\u00e9l\u00e9phone du lundi au vendredi, de 8h00 \u00e0 17h00. Vous pouvez aussi convenir d\u2019un rendez-vous personnalis\u00e9, nous \u00e9crire un e-mail, ou b\u00e9n\u00e9ficier de l\u2019assistance \u00e0 distance. Nous vous garantissons une prise en charge de qualit\u00e9 ainsi que l\u2019assistance en cas d\u2019urgence. Nous traiterons votre dossier dans les plus brefs d\u00e9lais\u00a0!<\/span><\/p>\n<\/div>\n<\/section>\n<\/div>\n<p>[\/et_pb_text][\/et_pb_column][\/et_pb_row][et_pb_row column_structure=\u00a0\u00bb1_3,1_3,1_3&Prime; _builder_version=\u00a0\u00bb4.20.4&Prime; _module_preset=\u00a0\u00bbdefault\u00a0\u00bb custom_margin=\u00a0\u00bb||||false|false\u00a0\u00bb custom_margin_last_edited=\u00a0\u00bboff|desktop\u00a0\u00bb custom_padding=\u00a0\u00bb||||false|false\u00a0\u00bb locked=\u00a0\u00bboff\u00a0\u00bb global_colors_info=\u00a0\u00bb{}\u00a0\u00bb][et_pb_column type=\u00a0\u00bb1_3&Prime; _builder_version=\u00a0\u00bb4.17.4&Prime; _module_preset=\u00a0\u00bbdefault\u00a0\u00bb global_colors_info=\u00a0\u00bb{}\u00a0\u00bb][et_pb_blurb title=\u00a0\u00bbService d\u2019assistance\u00a0\u00bb use_icon=\u00a0\u00bbon\u00a0\u00bb font_icon=\u00a0\u00bb&#x77;||divi||400&Prime; icon_color=\u00a0\u00bb#0B4E80&Prime; icon_placement=\u00a0\u00bbtop\u00a0\u00bb image_icon_width=\u00a0\u00bb60px\u00a0\u00bb admin_label=\u00a0\u00bbLinks\u00a0\u00bb _builder_version=\u00a0\u00bb4.22.1&Prime; _module_preset=\u00a0\u00bb74339085-b9fb-4faa-bcbf-0a29dbc0a94e\u00a0\u00bb body_link_font=\u00a0\u00bb|300|||||||\u00a0\u00bb body_link_text_color=\u00a0\u00bb#0B4E80&Prime; text_orientation=\u00a0\u00bbcenter\u00a0\u00bb hover_enabled=\u00a0\u00bb0&Prime; locked=\u00a0\u00bboff\u00a0\u00bb global_colors_info=\u00a0\u00bb%91%93&Prime; body_link_text_color__hover=\u00a0\u00bb#091332&Prime; body_link_text_color__hover_enabled=\u00a0\u00bbon|desktop\u00a0\u00bb sticky_enabled=\u00a0\u00bb0&Prime;]<\/p>\n<p>Appelez-nous, nous nous ferons un plaisir de vous aider<\/p>\n<p><a href=\"tel:\/\/+41447382222\">+41 44 738 22 22<\/a><\/p>\n<p>[\/et_pb_blurb][\/et_pb_column][et_pb_column type=\u00a0\u00bb1_3&Prime; _builder_version=\u00a0\u00bb4.17.4&Prime; _module_preset=\u00a0\u00bbdefault\u00a0\u00bb global_colors_info=\u00a0\u00bb{}\u00a0\u00bb][et_pb_blurb title=\u00a0\u00bbContact\u00a0\u00bb use_icon=\u00a0\u00bbon\u00a0\u00bb font_icon=\u00a0\u00bb&#x6c;||divi||400&Prime; icon_color=\u00a0\u00bb#0B4E80&Prime; icon_placement=\u00a0\u00bbtop\u00a0\u00bb image_icon_width=\u00a0\u00bb60px\u00a0\u00bb admin_label=\u00a0\u00bbLinks\u00a0\u00bb _builder_version=\u00a0\u00bb4.22.1&Prime; _module_preset=\u00a0\u00bb74339085-b9fb-4faa-bcbf-0a29dbc0a94e\u00a0\u00bb body_link_font=\u00a0\u00bb|300|||||||\u00a0\u00bb body_link_text_color=\u00a0\u00bb#0B4E80&Prime; text_orientation=\u00a0\u00bbcenter\u00a0\u00bb hover_enabled=\u00a0\u00bb0&Prime; locked=\u00a0\u00bboff\u00a0\u00bb global_colors_info=\u00a0\u00bb%91%93&Prime; body_link_text_color__hover=\u00a0\u00bb#091332&Prime; body_link_text_color__hover_enabled=\u00a0\u00bbon|desktop\u00a0\u00bb sticky_enabled=\u00a0\u00bb0&Prime;]<\/p>\n<p>Envoyez-nous un e-mail<\/p>\n<p><a href=\"mailto:info@vonhoff.ch\">info@vonhoff.ch<\/a><\/p>\n<p>[\/et_pb_blurb][\/et_pb_column][et_pb_column type=\u00a0\u00bb1_3&Prime; _builder_version=\u00a0\u00bb4.22.0&Prime; _module_preset=\u00a0\u00bbdefault\u00a0\u00bb global_colors_info=\u00a0\u00bb{}\u00a0\u00bb][et_pb_blurb title=\u00a0\u00bbTeamViewer\u00a0\u00bb use_icon=\u00a0\u00bbon\u00a0\u00bb font_icon=\u00a0\u00bb&#xf108;||fa||900&Prime; icon_color=\u00a0\u00bb#0B4E80&Prime; icon_placement=\u00a0\u00bbtop\u00a0\u00bb image_icon_width=\u00a0\u00bb60px\u00a0\u00bb admin_label=\u00a0\u00bbLinks\u00a0\u00bb _builder_version=\u00a0\u00bb4.22.1&Prime; _module_preset=\u00a0\u00bb74339085-b9fb-4faa-bcbf-0a29dbc0a94e\u00a0\u00bb body_link_font=\u00a0\u00bb|300|||||||\u00a0\u00bb body_link_text_color=\u00a0\u00bb#0B4E80&Prime; text_orientation=\u00a0\u00bbcenter\u00a0\u00bb locked=\u00a0\u00bboff\u00a0\u00bb global_colors_info=\u00a0\u00bb%91%93&Prime; body_link_text_color__hover=\u00a0\u00bb#091332&Prime; body_link_text_color__hover_enabled=\u00a0\u00bbon|desktop\u00a0\u00bb]<\/p>\n<p>\u00bb <a href=\"https:\/\/www.vonhoff.ch\/wp-content\/uploads\/2023\/08\/TeamViewerQS_Windows.exe\" target=\"_blank\" rel=\"noopener\">Download f\u00fcr Windows<\/a><br \/>\u00bb <a href=\"https:\/\/www.vonhoff.ch\/wp-content\/uploads\/2023\/08\/TeamViewerQS_Mac.zip\" target=\"_blank\" rel=\"noopener\">Download f\u00fcr Mac<\/a><\/p>\n<p>[\/et_pb_blurb][\/et_pb_column][\/et_pb_row][\/et_pb_section]<\/p>\n","protected":false},"excerpt":{"rendered":"<p>Un personnel comp\u00e9tent et toujours joignable\u00a0: un service personnalis\u00e9, par Hotline, e-mail ou \u00e0 distance Le service apr\u00e8s-vente VON HOFF AG vous accompagne de bout en bout. Vous pouvez nous joindre par t\u00e9l\u00e9phone du lundi au vendredi, de 8h00 \u00e0 17h00. Vous pouvez aussi convenir d\u2019un rendez-vous personnalis\u00e9, nous \u00e9crire un e-mail, ou b\u00e9n\u00e9ficier de [&hellip;]<\/p>\n","protected":false},"author":2,"featured_media":21252374,"parent":21252371,"menu_order":0,"comment_status":"closed","ping_status":"closed","template":"","meta":{"_et_pb_use_builder":"on","_et_pb_old_content":"","_et_gb_content_width":"","footnotes":""},"dipi_cpt_category":[],"class_list":["post-21252373","page","type-page","status-publish","has-post-thumbnail","hentry"],"_links":{"self":[{"href":"https:\/\/www.vonhoff.ch\/fr\/wp-json\/wp\/v2\/pages\/21252373","targetHints":{"allow":["GET"]}}],"collection":[{"href":"https:\/\/www.vonhoff.ch\/fr\/wp-json\/wp\/v2\/pages"}],"about":[{"href":"https:\/\/www.vonhoff.ch\/fr\/wp-json\/wp\/v2\/types\/page"}],"author":[{"embeddable":true,"href":"https:\/\/www.vonhoff.ch\/fr\/wp-json\/wp\/v2\/users\/2"}],"replies":[{"embeddable":true,"href":"https:\/\/www.vonhoff.ch\/fr\/wp-json\/wp\/v2\/comments?post=21252373"}],"version-history":[{"count":0,"href":"https:\/\/www.vonhoff.ch\/fr\/wp-json\/wp\/v2\/pages\/21252373\/revisions"}],"up":[{"embeddable":true,"href":"https:\/\/www.vonhoff.ch\/fr\/wp-json\/wp\/v2\/pages\/21252371"}],"wp:featuredmedia":[{"embeddable":true,"href":"https:\/\/www.vonhoff.ch\/fr\/wp-json\/wp\/v2\/media\/21252374"}],"wp:attachment":[{"href":"https:\/\/www.vonhoff.ch\/fr\/wp-json\/wp\/v2\/media?parent=21252373"}],"wp:term":[{"taxonomy":"dipi_cpt_category","embeddable":true,"href":"https:\/\/www.vonhoff.ch\/fr\/wp-json\/wp\/v2\/dipi_cpt_category?post=21252373"}],"curies":[{"name":"wp","href":"https:\/\/api.w.org\/{rel}","templated":true}]}}