{"id":21252371,"date":"2023-07-11T13:42:11","date_gmt":"2023-07-11T11:42:11","guid":{"rendered":"https:\/\/www.vonhoff.ch\/dienstleistungen\/"},"modified":"2023-09-13T14:51:15","modified_gmt":"2023-09-13T12:51:15","slug":"prestations-de-service","status":"publish","type":"page","link":"https:\/\/www.vonhoff.ch\/fr\/prestations-de-service\/","title":{"rendered":"Prestations de service"},"content":{"rendered":"<p>[et_pb_section fb_built=\u00a0\u00bb1&Prime; disabled_on=\u00a0\u00bboff|off|off\u00a0\u00bb _builder_version=\u00a0\u00bb4.21.0&Prime; _module_preset=\u00a0\u00bbdefault\u00a0\u00bb background_image=\u00a0\u00bbhttps:\/\/www.vonhoff.ch\/wp-content\/uploads\/2023\/07\/About-us-Header-Leitbild.jpg\u00a0\u00bb background_position=\u00a0\u00bbtop_center\u00a0\u00bb height=\u00a0\u00bb751px\u00a0\u00bb height_tablet=\u00a0\u00bb300px\u00a0\u00bb height_phone=\u00a0\u00bb250px\u00a0\u00bb height_last_edited=\u00a0\u00bbon|phone\u00a0\u00bb custom_margin=\u00a0\u00bb||-52px|||\u00a0\u00bb custom_padding=\u00a0\u00bb0px||0px||true|false\u00a0\u00bb bottom_divider_flip=\u00a0\u00bbhorizontal\u00a0\u00bb bottom_divider_height_tablet=\u00a0\u00bb50px\u00a0\u00bb bottom_divider_height_phone=\u00a0\u00bb30px\u00a0\u00bb bottom_divider_height_last_edited=\u00a0\u00bbon|tablet\u00a0\u00bb saved_tabs=\u00a0\u00bball\u00a0\u00bb locked=\u00a0\u00bboff\u00a0\u00bb global_colors_info=\u00a0\u00bb{}\u00a0\u00bb][et_pb_row module_class=\u00a0\u00bbspalte-mittig\u00a0\u00bb _builder_version=\u00a0\u00bb4.20.4&Prime; _module_preset=\u00a0\u00bbdefault\u00a0\u00bb height=\u00a0\u00bb100%\u00a0\u00bb height_tablet=\u00a0\u00bb\u00a0\u00bb height_phone=\u00a0\u00bb\u00a0\u00bb height_last_edited=\u00a0\u00bbon|desktop\u00a0\u00bb custom_margin=\u00a0\u00bb||||false|false\u00a0\u00bb custom_padding=\u00a0\u00bb||||false|false\u00a0\u00bb global_colors_info=\u00a0\u00bb{}\u00a0\u00bb][et_pb_column type=\u00a0\u00bb4_4&Prime; _builder_version=\u00a0\u00bb4.20.0&Prime; _module_preset=\u00a0\u00bbdefault\u00a0\u00bb global_colors_info=\u00a0\u00bb{}\u00a0\u00bb][\/et_pb_column][\/et_pb_row][\/et_pb_section][et_pb_section fb_built=\u00a0\u00bb1&Prime; module_id=\u00a0\u00bbwut\u00a0\u00bb _builder_version=\u00a0\u00bb4.20.4&Prime; _module_preset=\u00a0\u00bbdefault\u00a0\u00bb background_enable_color=\u00a0\u00bboff\u00a0\u00bb min_height=\u00a0\u00bb606.6px\u00a0\u00bb custom_margin=\u00a0\u00bb5px||||false|false\u00a0\u00bb custom_padding=\u00a0\u00bb43px||0px||false|false\u00a0\u00bb bottom_divider_height=\u00a0\u00bb60px\u00a0\u00bb bottom_divider_flip=\u00a0\u00bbhorizontal\u00a0\u00bb border_color_top=\u00a0\u00bb#A5303B\u00a0\u00bb border_style_top=\u00a0\u00bbdotted\u00a0\u00bb border_color_bottom=\u00a0\u00bb#A5303B\u00a0\u00bb locked=\u00a0\u00bboff\u00a0\u00bb global_colors_info=\u00a0\u00bb{}\u00a0\u00bb][et_pb_row _builder_version=\u00a0\u00bb4.21.0&Prime; _module_preset=\u00a0\u00bbdefault\u00a0\u00bb background_enable_color=\u00a0\u00bboff\u00a0\u00bb custom_margin=\u00a0\u00bb||||false|false\u00a0\u00bb custom_padding=\u00a0\u00bb||0px||false|false\u00a0\u00bb saved_tabs=\u00a0\u00bball\u00a0\u00bb locked=\u00a0\u00bboff\u00a0\u00bb global_colors_info=\u00a0\u00bb{}\u00a0\u00bb][et_pb_column type=\u00a0\u00bb4_4&Prime; _builder_version=\u00a0\u00bb4.20.2&Prime; _module_preset=\u00a0\u00bbdefault\u00a0\u00bb global_colors_info=\u00a0\u00bb{}\u00a0\u00bb][et_pb_post_title meta=\u00a0\u00bboff\u00a0\u00bb featured_image=\u00a0\u00bboff\u00a0\u00bb _builder_version=\u00a0\u00bb4.22.1&Prime; _module_preset=\u00a0\u00bbdefault\u00a0\u00bb title_font=\u00a0\u00bb|300|||||||\u00a0\u00bb title_text_color=\u00a0\u00bb#000000&Prime; hover_enabled=\u00a0\u00bb0&Prime; global_colors_info=\u00a0\u00bb{}\u00a0\u00bb sticky_enabled=\u00a0\u00bb0&Prime;][\/et_pb_post_title][\/et_pb_column][\/et_pb_row][et_pb_row _builder_version=\u00a0\u00bb4.20.4&Prime; _module_preset=\u00a0\u00bbdefault\u00a0\u00bb custom_margin=\u00a0\u00bb||||false|false\u00a0\u00bb custom_margin_last_edited=\u00a0\u00bboff|desktop\u00a0\u00bb custom_padding=\u00a0\u00bb||||false|false\u00a0\u00bb global_colors_info=\u00a0\u00bb{}\u00a0\u00bb][et_pb_column type=\u00a0\u00bb4_4&Prime; _builder_version=\u00a0\u00bb4.17.4&Prime; _module_preset=\u00a0\u00bbdefault\u00a0\u00bb global_colors_info=\u00a0\u00bb{}\u00a0\u00bb][et_pb_text _builder_version=\u00a0\u00bb4.20.4&Prime; _module_preset=\u00a0\u00bbdefault\u00a0\u00bb header_2_font_size_last_edited=\u00a0\u00bboff|desktop\u00a0\u00bb global_colors_info=\u00a0\u00bb{}\u00a0\u00bb]<\/p>\n<h2>Das VON HOFF TEAM steht Ihnen immer zur Seite<\/h2>\n<p>Zufriedenheit und Sicherheit umfasst nicht nur eine bed\u00fcrfnisorientierte Beratung, sie umfasst auch die professionelle Installation, Wartung und Support \u00fcber die Lebensjahre Ihrer Ger\u00e4te, Instrumente und Praxiseinrichtungen.<\/p>\n<p>Bestens geschulte und ausgebildete Mitarbeiter bringen alles mit, um Ihnen schnell und zuverl\u00e4ssig zu helfen. Die zentrale Lage erlaubt eine schnelle Reaktionszeit und Unterst\u00fctzung ohne grosse Ausfallszeiten in Ihrem Alltag.<\/p>\n<p>&nbsp;<\/p>\n<p>Unser Team ist immer auf dem neusten Wissenstand und kann sie mit unseren vielf\u00e4ltigen, innovativen Produkten fachgerecht beraten.<\/p>\n<h2><\/h2>\n<p>[\/et_pb_text][\/et_pb_column][\/et_pb_row][et_pb_row _builder_version=\u00a0\u00bb4.21.0&Prime; _module_preset=\u00a0\u00bbdefault\u00a0\u00bb global_colors_info=\u00a0\u00bb{}\u00a0\u00bb][et_pb_column type=\u00a0\u00bb4_4&Prime; _builder_version=\u00a0\u00bb4.21.0&Prime; _module_preset=\u00a0\u00bbdefault\u00a0\u00bb global_colors_info=\u00a0\u00bb{}\u00a0\u00bb][et_pb_text _builder_version=\u00a0\u00bb4.21.0&Prime; _module_preset=\u00a0\u00bbdefault\u00a0\u00bb custom_padding=\u00a0\u00bb||0px|||\u00a0\u00bb global_colors_info=\u00a0\u00bb{}\u00a0\u00bb]<\/p>\n<div class=\"shg-box-vertical-align-wrapper\">\n<div class=\"shg-box shg-c    \" id=\"s-fd3abd77-4e9f-4ad6-bec6-90c3b06f8b29\">\n<div class=\"shg-box-overlay\"><span style=\"font-size: 18px;\">Wir bieten Ihnen:<\/span><\/p>\n<ul>\n<ul>\n<ul>\n<li>Wartung Ihrer Ger\u00e4te und Instrumente<\/li>\n<li>Technischen Support<\/li>\n<li>Schulungen und Weiterbildungsseminare<\/li>\n<li>Service &amp; Wartung Pakete\u00a0<\/li>\n<li>Garantie Pakete<\/li>\n<li>Beratung &amp; unterst\u00fctzende Planung Ihrer Projekte<\/li>\n<li>IOL Kalkulationsservice<\/li>\n<\/ul>\n<\/ul>\n<\/ul>\n<p>Mit VON HOFF haben Sie einen engagierten, kompetenten und zuverl\u00e4ssigen Partner zur Hand, der Ihnen Zugang zu den innovativsten Technologien von weltweit f\u00fchrenden Herstellern erm\u00f6glicht.<\/p>\n<ul><\/ul>\n<\/div>\n<\/div>\n<\/div>\n<p>[\/et_pb_text][\/et_pb_column][\/et_pb_row][\/et_pb_section][et_pb_section fb_built=\u00a0\u00bb1&Prime; module_id=\u00a0\u00bbwut\u00a0\u00bb _builder_version=\u00a0\u00bb4.20.4&Prime; _module_preset=\u00a0\u00bbdefault\u00a0\u00bb background_enable_color=\u00a0\u00bboff\u00a0\u00bb custom_margin=\u00a0\u00bb||||false|false\u00a0\u00bb custom_padding=\u00a0\u00bb0px||||false|false\u00a0\u00bb bottom_divider_height=\u00a0\u00bb60px\u00a0\u00bb bottom_divider_flip=\u00a0\u00bbhorizontal\u00a0\u00bb border_color_top=\u00a0\u00bb#A5303B\u00a0\u00bb border_style_top=\u00a0\u00bbdotted\u00a0\u00bb border_color_bottom=\u00a0\u00bb#A5303B\u00a0\u00bb locked=\u00a0\u00bboff\u00a0\u00bb global_colors_info=\u00a0\u00bb{}\u00a0\u00bb][\/et_pb_section]<\/p>\n","protected":false},"excerpt":{"rendered":"<p>Das VON HOFF TEAM steht Ihnen immer zur Seite Zufriedenheit und Sicherheit umfasst nicht nur eine bed\u00fcrfnisorientierte Beratung, sie umfasst auch die professionelle Installation, Wartung und Support \u00fcber die Lebensjahre Ihrer Ger\u00e4te, Instrumente und Praxiseinrichtungen. Bestens geschulte und ausgebildete Mitarbeiter bringen alles mit, um Ihnen schnell und zuverl\u00e4ssig zu helfen. Die zentrale Lage erlaubt eine [&hellip;]<\/p>\n","protected":false},"author":2,"featured_media":0,"parent":0,"menu_order":0,"comment_status":"closed","ping_status":"closed","template":"","meta":{"_et_pb_use_builder":"on","_et_pb_old_content":"","_et_gb_content_width":"","footnotes":""},"dipi_cpt_category":[],"class_list":["post-21252371","page","type-page","status-publish","hentry"],"_links":{"self":[{"href":"https:\/\/www.vonhoff.ch\/fr\/wp-json\/wp\/v2\/pages\/21252371","targetHints":{"allow":["GET"]}}],"collection":[{"href":"https:\/\/www.vonhoff.ch\/fr\/wp-json\/wp\/v2\/pages"}],"about":[{"href":"https:\/\/www.vonhoff.ch\/fr\/wp-json\/wp\/v2\/types\/page"}],"author":[{"embeddable":true,"href":"https:\/\/www.vonhoff.ch\/fr\/wp-json\/wp\/v2\/users\/2"}],"replies":[{"embeddable":true,"href":"https:\/\/www.vonhoff.ch\/fr\/wp-json\/wp\/v2\/comments?post=21252371"}],"version-history":[{"count":0,"href":"https:\/\/www.vonhoff.ch\/fr\/wp-json\/wp\/v2\/pages\/21252371\/revisions"}],"wp:attachment":[{"href":"https:\/\/www.vonhoff.ch\/fr\/wp-json\/wp\/v2\/media?parent=21252371"}],"wp:term":[{"taxonomy":"dipi_cpt_category","embeddable":true,"href":"https:\/\/www.vonhoff.ch\/fr\/wp-json\/wp\/v2\/dipi_cpt_category?post=21252371"}],"curies":[{"name":"wp","href":"https:\/\/api.w.org\/{rel}","templated":true}]}}