{"id":21252335,"date":"2023-03-17T11:13:16","date_gmt":"2023-03-17T10:13:16","guid":{"rendered":"https:\/\/www.vonhoff.ch\/team\/"},"modified":"2025-12-10T09:38:10","modified_gmt":"2025-12-10T08:38:10","slug":"notre-equipe","status":"publish","type":"page","link":"https:\/\/www.vonhoff.ch\/fr\/notre-equipe\/","title":{"rendered":"Notre \u00e9quipe"},"content":{"rendered":"<p>[et_pb_section fb_built=\u00a0\u00bb1&Prime; disabled_on=\u00a0\u00bboff|off|off\u00a0\u00bb _builder_version=\u00a0\u00bb4.21.0&Prime; _module_preset=\u00a0\u00bbdefault\u00a0\u00bb background_image=\u00a0\u00bbhttps:\/\/www.vonhoff.ch\/wp-content\/uploads\/2023\/07\/About-us-Header-Leitbild.jpg\u00a0\u00bb parallax=\u00a0\u00bbon\u00a0\u00bb height=\u00a0\u00bb400px\u00a0\u00bb height_tablet=\u00a0\u00bb300px\u00a0\u00bb height_phone=\u00a0\u00bb250px\u00a0\u00bb height_last_edited=\u00a0\u00bbon|phone\u00a0\u00bb custom_padding=\u00a0\u00bb0px||0px||true|false\u00a0\u00bb bottom_divider_flip=\u00a0\u00bbhorizontal\u00a0\u00bb bottom_divider_height_tablet=\u00a0\u00bb50px\u00a0\u00bb bottom_divider_height_phone=\u00a0\u00bb30px\u00a0\u00bb bottom_divider_height_last_edited=\u00a0\u00bbon|tablet\u00a0\u00bb saved_tabs=\u00a0\u00bball\u00a0\u00bb locked=\u00a0\u00bboff\u00a0\u00bb global_colors_info=\u00a0\u00bb{}\u00a0\u00bb][et_pb_row module_class=\u00a0\u00bbspalte-mittig\u00a0\u00bb _builder_version=\u00a0\u00bb4.20.4&Prime; _module_preset=\u00a0\u00bbdefault\u00a0\u00bb height=\u00a0\u00bb100%\u00a0\u00bb height_tablet=\u00a0\u00bb\u00a0\u00bb height_phone=\u00a0\u00bb\u00a0\u00bb height_last_edited=\u00a0\u00bbon|desktop\u00a0\u00bb custom_margin=\u00a0\u00bb||||false|false\u00a0\u00bb custom_padding=\u00a0\u00bb||||false|false\u00a0\u00bb global_colors_info=\u00a0\u00bb{}\u00a0\u00bb][et_pb_column type=\u00a0\u00bb4_4&Prime; _builder_version=\u00a0\u00bb4.20.0&Prime; _module_preset=\u00a0\u00bbdefault\u00a0\u00bb global_colors_info=\u00a0\u00bb{}\u00a0\u00bb][\/et_pb_column][\/et_pb_row][\/et_pb_section][et_pb_section fb_built=\u00a0\u00bb1&Prime; module_id=\u00a0\u00bbwut\u00a0\u00bb _builder_version=\u00a0\u00bb4.20.4&Prime; _module_preset=\u00a0\u00bbdefault\u00a0\u00bb background_enable_color=\u00a0\u00bboff\u00a0\u00bb custom_margin=\u00a0\u00bb||||false|false\u00a0\u00bb custom_padding=\u00a0\u00bb||0px||false|false\u00a0\u00bb bottom_divider_height=\u00a0\u00bb60px\u00a0\u00bb bottom_divider_flip=\u00a0\u00bbhorizontal\u00a0\u00bb border_color_top=\u00a0\u00bb#A5303B\u00a0\u00bb border_style_top=\u00a0\u00bbdotted\u00a0\u00bb border_color_bottom=\u00a0\u00bb#A5303B\u00a0\u00bb locked=\u00a0\u00bboff\u00a0\u00bb global_colors_info=\u00a0\u00bb{}\u00a0\u00bb][et_pb_row _builder_version=\u00a0\u00bb4.21.0&Prime; _module_preset=\u00a0\u00bbdefault\u00a0\u00bb background_enable_color=\u00a0\u00bboff\u00a0\u00bb custom_margin=\u00a0\u00bb||||false|false\u00a0\u00bb custom_padding=\u00a0\u00bb||0px||false|false\u00a0\u00bb saved_tabs=\u00a0\u00bball\u00a0\u00bb locked=\u00a0\u00bboff\u00a0\u00bb global_colors_info=\u00a0\u00bb{}\u00a0\u00bb][et_pb_column type=\u00a0\u00bb4_4&Prime; _builder_version=\u00a0\u00bb4.20.2&Prime; _module_preset=\u00a0\u00bbdefault\u00a0\u00bb global_colors_info=\u00a0\u00bb{}\u00a0\u00bb][et_pb_post_title meta=\u00a0\u00bboff\u00a0\u00bb featured_image=\u00a0\u00bboff\u00a0\u00bb _builder_version=\u00a0\u00bb4.27.4&Prime; _module_preset=\u00a0\u00bbdefault\u00a0\u00bb title_font=\u00a0\u00bb|700|||||||\u00a0\u00bb title_text_color=\u00a0\u00bb#CD0D21&Prime; title_font_size=\u00a0\u00bb60px\u00a0\u00bb title_font_size_tablet=\u00a0\u00bb60px\u00a0\u00bb title_font_size_phone=\u00a0\u00bb60px\u00a0\u00bb title_font_size_last_edited=\u00a0\u00bbon|desktop\u00a0\u00bb global_colors_info=\u00a0\u00bb{}\u00a0\u00bb][\/et_pb_post_title][\/et_pb_column][\/et_pb_row][et_pb_row _builder_version=\u00a0\u00bb4.20.4&Prime; _module_preset=\u00a0\u00bbdefault\u00a0\u00bb custom_margin=\u00a0\u00bb||||false|false\u00a0\u00bb custom_margin_last_edited=\u00a0\u00bboff|desktop\u00a0\u00bb custom_padding=\u00a0\u00bb||||false|false\u00a0\u00bb global_colors_info=\u00a0\u00bb{}\u00a0\u00bb][et_pb_column type=\u00a0\u00bb4_4&Prime; _builder_version=\u00a0\u00bb4.17.4&Prime; _module_preset=\u00a0\u00bbdefault\u00a0\u00bb global_colors_info=\u00a0\u00bb{}\u00a0\u00bb][et_pb_text _builder_version=\u00a0\u00bb4.22.1&Prime; _module_preset=\u00a0\u00bbdefault\u00a0\u00bb header_2_font_size_last_edited=\u00a0\u00bboff|desktop\u00a0\u00bb global_colors_info=\u00a0\u00bb{}\u00a0\u00bb]<\/p>\n<h2>Chez VON HOFF AG, nous sommes \u00e0 votre \u00e9coute<\/h2>\n<p>Des collaborateurs parfaitement form\u00e9s et qualifi\u00e9s mettent tout en \u0153uvre pour vous aider rapidement et avec fiabilit\u00e9. N\u2019h\u00e9sitez pas \u00e0 nous contacter directement.<\/p>\n<p>[\/et_pb_text][\/et_pb_column][\/et_pb_row][\/et_pb_section][et_pb_section fb_built=\u00a0\u00bb1&Prime; module_id=\u00a0\u00bbwut\u00a0\u00bb _builder_version=\u00a0\u00bb4.20.4&Prime; _module_preset=\u00a0\u00bbdefault\u00a0\u00bb background_enable_color=\u00a0\u00bboff\u00a0\u00bb custom_margin=\u00a0\u00bb||||false|false\u00a0\u00bb custom_padding=\u00a0\u00bb0px||||false|false\u00a0\u00bb bottom_divider_height=\u00a0\u00bb60px\u00a0\u00bb bottom_divider_flip=\u00a0\u00bbhorizontal\u00a0\u00bb border_color_top=\u00a0\u00bb#A5303B\u00a0\u00bb border_style_top=\u00a0\u00bbdotted\u00a0\u00bb border_color_bottom=\u00a0\u00bb#A5303B\u00a0\u00bb locked=\u00a0\u00bboff\u00a0\u00bb global_colors_info=\u00a0\u00bb{}\u00a0\u00bb][et_pb_row _builder_version=\u00a0\u00bb4.20.4&Prime; _module_preset=\u00a0\u00bbdefault\u00a0\u00bb custom_margin=\u00a0\u00bb||||false|false\u00a0\u00bb custom_padding=\u00a0\u00bb||||false|false\u00a0\u00bb global_colors_info=\u00a0\u00bb{}\u00a0\u00bb][et_pb_column type=\u00a0\u00bb4_4&Prime; _builder_version=\u00a0\u00bb4.20.4&Prime; _module_preset=\u00a0\u00bbdefault\u00a0\u00bb global_colors_info=\u00a0\u00bb{}\u00a0\u00bb][et_pb_text _builder_version=\u00a0\u00bb4.22.1&Prime; _module_preset=\u00a0\u00bbdefault\u00a0\u00bb global_colors_info=\u00a0\u00bb{}\u00a0\u00bb]<\/p>\n<h4>Direction<\/h4>\n<p>[\/et_pb_text][dipl_team_grid posts_number=\u00a0\u00bb99&Prime; post_order_by=\u00a0\u00bbID\u00a0\u00bb post_order=\u00a0\u00bbASC\u00a0\u00bb include_categories=\u00a0\u00bb47&Prime; grid_overlay_bg_color=\u00a0\u00bbrgba(9,19,50,0.8)\u00a0\u00bb image_size=\u00a0\u00bbfull\u00a0\u00bb number_of_columns=\u00a0\u00bb5&Prime; team_content_custom_padding=\u00a0\u00bb5px|10px|5px|10px|on|on\u00a0\u00bb social_icon_size=\u00a0\u00bb20px\u00a0\u00bb social_icon_color=\u00a0\u00bb#FFFFFF\u00a0\u00bb number_of_columns_tablet=\u00a0\u00bb2&Prime; number_of_columns_phone=\u00a0\u00bb1&Prime; number_of_columns_last_edited=\u00a0\u00bbon|phone\u00a0\u00bb _builder_version=\u00a0\u00bb4.20.4&Prime; _module_preset=\u00a0\u00bbdefault\u00a0\u00bb name_font=\u00a0\u00bb|600|||||||\u00a0\u00bb name_text_color=\u00a0\u00bb#FFFFFF\u00a0\u00bb designation_font=\u00a0\u00bb||||||||\u00a0\u00bb designation_text_color=\u00a0\u00bb#FFFFFF\u00a0\u00bb short_description_text_color=\u00a0\u00bb#FFFFFF\u00a0\u00bb global_colors_info=\u00a0\u00bb{}\u00a0\u00bb social_icon_color__hover_enabled=\u00a0\u00bbon|desktop\u00a0\u00bb social_icon_color__hover=\u00a0\u00bb#BDBEC0&Prime;][\/dipl_team_grid][\/et_pb_column][\/et_pb_row][et_pb_row _builder_version=\u00a0\u00bb4.20.4&Prime; _module_preset=\u00a0\u00bbdefault\u00a0\u00bb custom_margin=\u00a0\u00bb||||false|false\u00a0\u00bb custom_padding=\u00a0\u00bb||||false|false\u00a0\u00bb global_colors_info=\u00a0\u00bb{}\u00a0\u00bb][et_pb_column type=\u00a0\u00bb4_4&Prime; _builder_version=\u00a0\u00bb4.20.4&Prime; _module_preset=\u00a0\u00bbdefault\u00a0\u00bb global_colors_info=\u00a0\u00bb{}\u00a0\u00bb][et_pb_text _builder_version=\u00a0\u00bb4.27.4&Prime; _module_preset=\u00a0\u00bbdefault\u00a0\u00bb global_colors_info=\u00a0\u00bb{}\u00a0\u00bb]<\/p>\n<h4>Gestion de la qualit\u00e9<\/h4>\n<p>[\/et_pb_text][dipl_team_grid posts_number=\u00a0\u00bb99&Prime; post_order=\u00a0\u00bbASC\u00a0\u00bb include_categories=\u00a0\u00bb510&Prime; grid_overlay_bg_color=\u00a0\u00bbrgba(9,19,50,0.8)\u00a0\u00bb image_size=\u00a0\u00bbfull\u00a0\u00bb number_of_columns=\u00a0\u00bb5&Prime; team_content_custom_padding=\u00a0\u00bb5px|10px|5px|10px|on|on\u00a0\u00bb social_icon_size=\u00a0\u00bb20px\u00a0\u00bb social_icon_color=\u00a0\u00bb#FFFFFF\u00a0\u00bb number_of_columns_tablet=\u00a0\u00bb2&Prime; number_of_columns_phone=\u00a0\u00bb1&Prime; number_of_columns_last_edited=\u00a0\u00bbon|desktop\u00a0\u00bb _builder_version=\u00a0\u00bb4.27.4&Prime; _module_preset=\u00a0\u00bbdefault\u00a0\u00bb name_font=\u00a0\u00bb|600|||||||\u00a0\u00bb name_text_color=\u00a0\u00bb#FFFFFF\u00a0\u00bb designation_font=\u00a0\u00bb||||||||\u00a0\u00bb designation_text_color=\u00a0\u00bb#FFFFFF\u00a0\u00bb short_description_text_color=\u00a0\u00bb#FFFFFF\u00a0\u00bb global_colors_info=\u00a0\u00bb{}\u00a0\u00bb social_icon_color__hover_enabled=\u00a0\u00bbon|desktop\u00a0\u00bb social_icon_color__hover=\u00a0\u00bb#BDBEC0&Prime;][\/dipl_team_grid][et_pb_text _builder_version=\u00a0\u00bb4.27.4&Prime; _module_preset=\u00a0\u00bbdefault\u00a0\u00bb global_colors_info=\u00a0\u00bb{}\u00a0\u00bb]<\/p>\n<h4>Diagnostic et Atelier d\u2019optique<\/h4>\n<p>[\/et_pb_text][dipl_team_grid posts_number=\u00a0\u00bb99&Prime; post_order=\u00a0\u00bbASC\u00a0\u00bb include_categories=\u00a0\u00bb48&Prime; grid_overlay_bg_color=\u00a0\u00bbrgba(9,19,50,0.8)\u00a0\u00bb image_size=\u00a0\u00bbfull\u00a0\u00bb number_of_columns=\u00a0\u00bb5&Prime; team_content_custom_padding=\u00a0\u00bb5px|10px|5px|10px|on|on\u00a0\u00bb social_icon_size=\u00a0\u00bb20px\u00a0\u00bb social_icon_color=\u00a0\u00bb#FFFFFF\u00a0\u00bb number_of_columns_tablet=\u00a0\u00bb2&Prime; number_of_columns_phone=\u00a0\u00bb1&Prime; number_of_columns_last_edited=\u00a0\u00bbon|desktop\u00a0\u00bb _builder_version=\u00a0\u00bb4.27.0&Prime; _module_preset=\u00a0\u00bbdefault\u00a0\u00bb name_font=\u00a0\u00bb|600|||||||\u00a0\u00bb name_text_color=\u00a0\u00bb#FFFFFF\u00a0\u00bb designation_font=\u00a0\u00bb||||||||\u00a0\u00bb designation_text_color=\u00a0\u00bb#FFFFFF\u00a0\u00bb short_description_text_color=\u00a0\u00bb#FFFFFF\u00a0\u00bb global_colors_info=\u00a0\u00bb{}\u00a0\u00bb social_icon_color__hover_enabled=\u00a0\u00bbon|desktop\u00a0\u00bb social_icon_color__hover=\u00a0\u00bb#BDBEC0&Prime;][\/dipl_team_grid][et_pb_text _builder_version=\u00a0\u00bb4.22.1&Prime; _module_preset=\u00a0\u00bbdefault\u00a0\u00bb custom_padding=\u00a0\u00bb0px|||||\u00a0\u00bb global_colors_info=\u00a0\u00bb{}\u00a0\u00bb]<\/p>\n<h4>Chirurgie<\/h4>\n<p>[\/et_pb_text][dipl_team_grid posts_number=\u00a0\u00bb99&Prime; post_order=\u00a0\u00bbASC\u00a0\u00bb include_categories=\u00a0\u00bb242&Prime; grid_overlay_bg_color=\u00a0\u00bbrgba(9,19,50,0.8)\u00a0\u00bb image_size=\u00a0\u00bbfull\u00a0\u00bb number_of_columns=\u00a0\u00bb5&Prime; team_content_custom_padding=\u00a0\u00bb5px|10px|5px|10px|on|on\u00a0\u00bb social_icon_size=\u00a0\u00bb20px\u00a0\u00bb social_icon_color=\u00a0\u00bb#FFFFFF\u00a0\u00bb number_of_columns_tablet=\u00a0\u00bb2&Prime; number_of_columns_phone=\u00a0\u00bb1&Prime; number_of_columns_last_edited=\u00a0\u00bbon|desktop\u00a0\u00bb _builder_version=\u00a0\u00bb4.27.0&Prime; _module_preset=\u00a0\u00bbdefault\u00a0\u00bb name_font=\u00a0\u00bb|600|||||||\u00a0\u00bb name_text_color=\u00a0\u00bb#FFFFFF\u00a0\u00bb designation_font=\u00a0\u00bb||||||||\u00a0\u00bb designation_text_color=\u00a0\u00bb#FFFFFF\u00a0\u00bb short_description_text_color=\u00a0\u00bb#FFFFFF\u00a0\u00bb global_colors_info=\u00a0\u00bb{}\u00a0\u00bb social_icon_color__hover_enabled=\u00a0\u00bbon|desktop\u00a0\u00bb social_icon_color__hover=\u00a0\u00bb#BDBEC0&Prime;][\/dipl_team_grid][\/et_pb_column][\/et_pb_row][et_pb_row _builder_version=\u00a0\u00bb4.20.2&Prime; _module_preset=\u00a0\u00bbdefault\u00a0\u00bb custom_margin=\u00a0\u00bb||||false|false\u00a0\u00bb custom_padding=\u00a0\u00bb||||false|false\u00a0\u00bb global_colors_info=\u00a0\u00bb{}\u00a0\u00bb][et_pb_column type=\u00a0\u00bb4_4&Prime; _builder_version=\u00a0\u00bb4.20.0&Prime; _module_preset=\u00a0\u00bbdefault\u00a0\u00bb global_colors_info=\u00a0\u00bb{}\u00a0\u00bb][et_pb_text _builder_version=\u00a0\u00bb4.27.4&Prime; _module_preset=\u00a0\u00bbdefault\u00a0\u00bb global_colors_info=\u00a0\u00bb{}\u00a0\u00bb]<\/p>\n<h4>Services internes<\/h4>\n<p>[\/et_pb_text][dipl_team_grid posts_number=\u00a0\u00bb99&Prime; post_order=\u00a0\u00bbASC\u00a0\u00bb include_categories=\u00a0\u00bb49,51,50&Prime; grid_overlay_bg_color=\u00a0\u00bbrgba(9,19,50,0.8)\u00a0\u00bb image_size=\u00a0\u00bbfull\u00a0\u00bb number_of_columns=\u00a0\u00bb5&Prime; team_content_custom_padding=\u00a0\u00bb5px|10px|5px|10px|on|on\u00a0\u00bb social_icon_size=\u00a0\u00bb20px\u00a0\u00bb social_icon_color=\u00a0\u00bb#FFFFFF\u00a0\u00bb number_of_columns_tablet=\u00a0\u00bb2&Prime; number_of_columns_phone=\u00a0\u00bb1&Prime; number_of_columns_last_edited=\u00a0\u00bbon|desktop\u00a0\u00bb _builder_version=\u00a0\u00bb4.27.4&Prime; _module_preset=\u00a0\u00bbdefault\u00a0\u00bb name_font=\u00a0\u00bb|600|||||||\u00a0\u00bb name_text_color=\u00a0\u00bb#FFFFFF\u00a0\u00bb designation_font=\u00a0\u00bb||||||||\u00a0\u00bb designation_text_color=\u00a0\u00bb#FFFFFF\u00a0\u00bb short_description_text_color=\u00a0\u00bb#FFFFFF\u00a0\u00bb global_colors_info=\u00a0\u00bb{}\u00a0\u00bb social_icon_color__hover_enabled=\u00a0\u00bbon|desktop\u00a0\u00bb social_icon_color__hover=\u00a0\u00bb#BDBEC0&Prime;][\/dipl_team_grid][et_pb_text _builder_version=\u00a0\u00bb4.27.4&Prime; _module_preset=\u00a0\u00bbdefault\u00a0\u00bb global_colors_info=\u00a0\u00bb{}\u00a0\u00bb]<\/p>\n<h4>Techniciens<\/h4>\n<p>[\/et_pb_text][dipl_team_grid posts_number=\u00a0\u00bb99&Prime; post_order=\u00a0\u00bbASC\u00a0\u00bb include_categories=\u00a0\u00bb511&Prime; grid_overlay_bg_color=\u00a0\u00bbrgba(9,19,50,0.8)\u00a0\u00bb image_size=\u00a0\u00bbfull\u00a0\u00bb number_of_columns=\u00a0\u00bb5&Prime; team_content_custom_padding=\u00a0\u00bb5px|10px|5px|10px|on|on\u00a0\u00bb social_icon_size=\u00a0\u00bb20px\u00a0\u00bb social_icon_color=\u00a0\u00bb#FFFFFF\u00a0\u00bb number_of_columns_tablet=\u00a0\u00bb2&Prime; number_of_columns_phone=\u00a0\u00bb1&Prime; number_of_columns_last_edited=\u00a0\u00bbon|desktop\u00a0\u00bb _builder_version=\u00a0\u00bb4.27.4&Prime; _module_preset=\u00a0\u00bbdefault\u00a0\u00bb name_font=\u00a0\u00bb|600|||||||\u00a0\u00bb name_text_color=\u00a0\u00bb#FFFFFF\u00a0\u00bb designation_font=\u00a0\u00bb||||||||\u00a0\u00bb designation_text_color=\u00a0\u00bb#FFFFFF\u00a0\u00bb short_description_text_color=\u00a0\u00bb#FFFFFF\u00a0\u00bb global_colors_info=\u00a0\u00bb{}\u00a0\u00bb social_icon_color__hover_enabled=\u00a0\u00bbon|desktop\u00a0\u00bb social_icon_color__hover=\u00a0\u00bb#BDBEC0&Prime;][\/dipl_team_grid][et_pb_text _builder_version=\u00a0\u00bb4.27.4&Prime; _module_preset=\u00a0\u00bbdefault\u00a0\u00bb global_colors_info=\u00a0\u00bb{}\u00a0\u00bb]<\/p>\n<h4>Logistique<\/h4>\n<p>[\/et_pb_text][dipl_team_grid posts_number=\u00a0\u00bb99&Prime; post_order=\u00a0\u00bbASC\u00a0\u00bb include_categories=\u00a0\u00bb512&Prime; grid_overlay_bg_color=\u00a0\u00bbrgba(9,19,50,0.8)\u00a0\u00bb image_size=\u00a0\u00bbfull\u00a0\u00bb number_of_columns=\u00a0\u00bb5&Prime; team_content_custom_padding=\u00a0\u00bb5px|10px|5px|10px|on|on\u00a0\u00bb social_icon_size=\u00a0\u00bb20px\u00a0\u00bb social_icon_color=\u00a0\u00bb#FFFFFF\u00a0\u00bb number_of_columns_tablet=\u00a0\u00bb2&Prime; number_of_columns_phone=\u00a0\u00bb1&Prime; number_of_columns_last_edited=\u00a0\u00bbon|desktop\u00a0\u00bb _builder_version=\u00a0\u00bb4.27.4&Prime; _module_preset=\u00a0\u00bbdefault\u00a0\u00bb name_font=\u00a0\u00bb|600|||||||\u00a0\u00bb name_text_color=\u00a0\u00bb#FFFFFF\u00a0\u00bb designation_font=\u00a0\u00bb||||||||\u00a0\u00bb designation_text_color=\u00a0\u00bb#FFFFFF\u00a0\u00bb short_description_text_color=\u00a0\u00bb#FFFFFF\u00a0\u00bb global_colors_info=\u00a0\u00bb{}\u00a0\u00bb social_icon_color__hover_enabled=\u00a0\u00bbon|desktop\u00a0\u00bb social_icon_color__hover=\u00a0\u00bb#BDBEC0&Prime;][\/dipl_team_grid][et_pb_text _builder_version=\u00a0\u00bb4.27.4&Prime; _module_preset=\u00a0\u00bbdefault\u00a0\u00bb global_colors_info=\u00a0\u00bb{}\u00a0\u00bb]<\/p>\n<h4>Marketing<\/h4>\n<p>[\/et_pb_text][dipl_team_grid posts_number=\u00a0\u00bb99&Prime; post_order=\u00a0\u00bbASC\u00a0\u00bb include_categories=\u00a0\u00bb519&Prime; grid_overlay_bg_color=\u00a0\u00bbrgba(9,19,50,0.8)\u00a0\u00bb image_size=\u00a0\u00bbfull\u00a0\u00bb number_of_columns=\u00a0\u00bb5&Prime; team_content_custom_padding=\u00a0\u00bb5px|10px|5px|10px|on|on\u00a0\u00bb social_icon_size=\u00a0\u00bb20px\u00a0\u00bb social_icon_color=\u00a0\u00bb#FFFFFF\u00a0\u00bb number_of_columns_tablet=\u00a0\u00bb2&Prime; number_of_columns_phone=\u00a0\u00bb1&Prime; number_of_columns_last_edited=\u00a0\u00bbon|desktop\u00a0\u00bb _builder_version=\u00a0\u00bb4.27.4&Prime; _module_preset=\u00a0\u00bbdefault\u00a0\u00bb name_font=\u00a0\u00bb|600|||||||\u00a0\u00bb name_text_color=\u00a0\u00bb#FFFFFF\u00a0\u00bb designation_font=\u00a0\u00bb||||||||\u00a0\u00bb designation_text_color=\u00a0\u00bb#FFFFFF\u00a0\u00bb short_description_text_color=\u00a0\u00bb#FFFFFF\u00a0\u00bb global_colors_info=\u00a0\u00bb{}\u00a0\u00bb social_icon_color__hover_enabled=\u00a0\u00bbon|desktop\u00a0\u00bb social_icon_color__hover=\u00a0\u00bb#BDBEC0&Prime;][\/dipl_team_grid][et_pb_text _builder_version=\u00a0\u00bb4.27.4&Prime; _module_preset=\u00a0\u00bbdefault\u00a0\u00bb global_colors_info=\u00a0\u00bb{}\u00a0\u00bb]<\/p>\n<h4>Finances<\/h4>\n<p>[\/et_pb_text][dipl_team_grid posts_number=\u00a0\u00bb99&Prime; post_order=\u00a0\u00bbASC\u00a0\u00bb include_categories=\u00a0\u00bb509&Prime; grid_overlay_bg_color=\u00a0\u00bbrgba(9,19,50,0.8)\u00a0\u00bb image_size=\u00a0\u00bbfull\u00a0\u00bb number_of_columns=\u00a0\u00bb5&Prime; team_content_custom_padding=\u00a0\u00bb5px|10px|5px|10px|on|on\u00a0\u00bb social_icon_size=\u00a0\u00bb20px\u00a0\u00bb social_icon_color=\u00a0\u00bb#FFFFFF\u00a0\u00bb number_of_columns_tablet=\u00a0\u00bb2&Prime; number_of_columns_phone=\u00a0\u00bb1&Prime; number_of_columns_last_edited=\u00a0\u00bbon|desktop\u00a0\u00bb _builder_version=\u00a0\u00bb4.27.4&Prime; _module_preset=\u00a0\u00bbdefault\u00a0\u00bb name_font=\u00a0\u00bb|600|||||||\u00a0\u00bb name_text_color=\u00a0\u00bb#FFFFFF\u00a0\u00bb designation_font=\u00a0\u00bb||||||||\u00a0\u00bb designation_text_color=\u00a0\u00bb#FFFFFF\u00a0\u00bb short_description_text_color=\u00a0\u00bb#FFFFFF\u00a0\u00bb global_colors_info=\u00a0\u00bb{}\u00a0\u00bb social_icon_color__hover_enabled=\u00a0\u00bbon|desktop\u00a0\u00bb social_icon_color__hover=\u00a0\u00bb#BDBEC0&Prime;][\/dipl_team_grid][et_pb_text _builder_version=\u00a0\u00bb4.27.4&Prime; _module_preset=\u00a0\u00bbdefault\u00a0\u00bb global_colors_info=\u00a0\u00bb{}\u00a0\u00bb disabled_on=\u00a0\u00bbon|on|on\u00a0\u00bb disabled=\u00a0\u00bbon\u00a0\u00bb]<\/p>\n<h4>HR<\/h4>\n<p>[\/et_pb_text][dipl_team_grid posts_number=\u00a0\u00bb99&Prime; post_order=\u00a0\u00bbASC\u00a0\u00bb include_categories=\u00a0\u00bb521&Prime; grid_overlay_bg_color=\u00a0\u00bbrgba(9,19,50,0.8)\u00a0\u00bb image_size=\u00a0\u00bbfull\u00a0\u00bb number_of_columns=\u00a0\u00bb5&Prime; team_content_custom_padding=\u00a0\u00bb5px|10px|5px|10px|on|on\u00a0\u00bb social_icon_size=\u00a0\u00bb20px\u00a0\u00bb social_icon_color=\u00a0\u00bb#FFFFFF\u00a0\u00bb number_of_columns_tablet=\u00a0\u00bb2&Prime; number_of_columns_phone=\u00a0\u00bb1&Prime; number_of_columns_last_edited=\u00a0\u00bbon|desktop\u00a0\u00bb _builder_version=\u00a0\u00bb4.27.4&Prime; _module_preset=\u00a0\u00bbdefault\u00a0\u00bb name_font=\u00a0\u00bb|600|||||||\u00a0\u00bb name_text_color=\u00a0\u00bb#FFFFFF\u00a0\u00bb designation_font=\u00a0\u00bb||||||||\u00a0\u00bb designation_text_color=\u00a0\u00bb#FFFFFF\u00a0\u00bb short_description_text_color=\u00a0\u00bb#FFFFFF\u00a0\u00bb global_colors_info=\u00a0\u00bb{}\u00a0\u00bb social_icon_color__hover_enabled=\u00a0\u00bbon|desktop\u00a0\u00bb social_icon_color__hover=\u00a0\u00bb#BDBEC0&Prime; disabled_on=\u00a0\u00bbon|on|on\u00a0\u00bb disabled=\u00a0\u00bbon\u00a0\u00bb][\/dipl_team_grid][\/et_pb_column][\/et_pb_row][\/et_pb_section]<\/p>\n","protected":false},"excerpt":{"rendered":"<p>Chez VON HOFF AG, nous sommes \u00e0 votre \u00e9coute Des collaborateurs parfaitement form\u00e9s et qualifi\u00e9s mettent tout en \u0153uvre pour vous aider rapidement et avec fiabilit\u00e9. N\u2019h\u00e9sitez pas \u00e0 nous contacter directement.Direction<div class=\"et_pb_module dipl_team_grid dipl_team_grid_0\">\n\t\t\t\t\n\t\t\t\t\n\t\t\t\t\n\t\t\t\t\n\t\t\t\t\n\t\t\t\t\n\t\t\t\t<div class=\"et_pb_module_inner\">\n\t\t\t\t\t\n\t\t\t\t<div class=\"dipl_team_grid_container layout1\" ><div class=\"dipl_team_grid_items\"><div id=\"dipl_team_member_grid_244\" class=\"dipl_team_grid_item dipl_team_member_grid_wrapper\" \n\t\tdata-padding_top_desktop=\"5\"\n\t\tdata-padding_top_tablet=\"5\"\n\t\tdata-padding_top_phone=\"5\"\n\t\tdata-padding_bottom_desktop=\"5\"\n\t\tdata-padding_bottom_tablet=\"5\"\n\t\tdata-padding_bottom_phone=\"5\"\n\t>\n\t\t<div class=\"dipl_team_member_image_wrapper\"><img width=\"600\" height=\"800\" src=\"https:\/\/www.vonhoff.ch\/wp-content\/uploads\/2023\/04\/Lukas-Eigenmann.jpg\" class=\"dipl_team_member_image wp-post-image\" alt=\"Lukas Eigenmann\" decoding=\"async\" loading=\"lazy\" srcset=\"https:\/\/www.vonhoff.ch\/wp-content\/uploads\/2023\/04\/Lukas-Eigenmann.jpg 600w, https:\/\/www.vonhoff.ch\/wp-content\/uploads\/2023\/04\/Lukas-Eigenmann-480x640.jpg 480w\" sizes=\"(min-width: 0px) and (max-width: 480px) 480px, (min-width: 481px) 600px, 100vw\" \/><\/div>\n\t\t<div class=\"dipl_team_overlay_wrapper\"><div class=\"dipl_team_member_visible_wrapper\"><h5 class=\"dipl_team_member_name\">Lukas Eigenmann<\/h5> <div class=\"dipl_team_member_designation\">Co-CEO<\/div><\/div> <div class=\"dipl_team_member_hidden_wrapper\"> <div class=\"dipl_team_social_wrapper\"><a href=\"https:\/\/www.linkedin.com\/in\/lukas-eigenmann-7aa4b468\" target=\"_self\">\n\t\t\t\t\t\t\t\t<span class=\"dipl_team_member_social_icon dipl_team_linkedin et-pb-icon\">&#xe09d;<\/span>\n\t\t\t\t\t\t\t<\/a><a href=\"mailto:lukas.eigenmann@vonhoff.ch\" target=\"_self\">\n\t\t\t\t\t\t\t\t<span class=\"dipl_team_member_social_icon dipl_team_email et-pb-icon\">&#xe076;<\/span>\n\t\t\t\t\t\t\t<\/a><a href=\"tel:+41796914685\" target=\"_self\">\n\t\t\t\t\t\t\t\t<span class=\"dipl_team_member_social_icon dipl_team_phone et-pb-icon\">&#xe090;<\/span>\n\t\t\t\t\t\t\t<\/a><\/div> <\/div><\/div>\n\t<\/div><div id=\"dipl_team_member_grid_247\" class=\"dipl_team_grid_item dipl_team_member_grid_wrapper\" \n\t\tdata-padding_top_desktop=\"5\"\n\t\tdata-padding_top_tablet=\"5\"\n\t\tdata-padding_top_phone=\"5\"\n\t\tdata-padding_bottom_desktop=\"5\"\n\t\tdata-padding_bottom_tablet=\"5\"\n\t\tdata-padding_bottom_phone=\"5\"\n\t>\n\t\t<div class=\"dipl_team_member_image_wrapper\"><img width=\"600\" height=\"800\" src=\"https:\/\/www.vonhoff.ch\/wp-content\/uploads\/2023\/04\/Roland-Schaufelbuehl.jpg\" class=\"dipl_team_member_image wp-post-image\" alt=\"Roland Schaufelbuehl\" decoding=\"async\" loading=\"lazy\" srcset=\"https:\/\/www.vonhoff.ch\/wp-content\/uploads\/2023\/04\/Roland-Schaufelbuehl.jpg 600w, https:\/\/www.vonhoff.ch\/wp-content\/uploads\/2023\/04\/Roland-Schaufelbuehl-480x640.jpg 480w\" sizes=\"(min-width: 0px) and (max-width: 480px) 480px, (min-width: 481px) 600px, 100vw\" \/><\/div>\n\t\t<div class=\"dipl_team_overlay_wrapper\"><div class=\"dipl_team_member_visible_wrapper\"><h5 class=\"dipl_team_member_name\">Roland Schaufelb\u00fchl<\/h5> <div class=\"dipl_team_member_designation\">CFO<\/div><\/div> <div class=\"dipl_team_member_hidden_wrapper\"> <div class=\"dipl_team_social_wrapper\"><a href=\"https:\/\/www.linkedin.com\/in\/roland-schaufelbhl-41387bb5\" target=\"_self\">\n\t\t\t\t\t\t\t\t<span class=\"dipl_team_member_social_icon dipl_team_linkedin et-pb-icon\">&#xe09d;<\/span>\n\t\t\t\t\t\t\t<\/a><a href=\"mailto:roland.schaufelbuehl@vonhoff.ch\" target=\"_self\">\n\t\t\t\t\t\t\t\t<span class=\"dipl_team_member_social_icon dipl_team_email et-pb-icon\">&#xe076;<\/span>\n\t\t\t\t\t\t\t<\/a><a href=\"tel:+41447382257\" target=\"_self\">\n\t\t\t\t\t\t\t\t<span class=\"dipl_team_member_social_icon dipl_team_phone et-pb-icon\">&#xe090;<\/span>\n\t\t\t\t\t\t\t<\/a><\/div> <\/div><\/div>\n\t<\/div><div id=\"dipl_team_member_grid_21258148\" class=\"dipl_team_grid_item dipl_team_member_grid_wrapper\" \n\t\tdata-padding_top_desktop=\"5\"\n\t\tdata-padding_top_tablet=\"5\"\n\t\tdata-padding_top_phone=\"5\"\n\t\tdata-padding_bottom_desktop=\"5\"\n\t\tdata-padding_bottom_tablet=\"5\"\n\t\tdata-padding_bottom_phone=\"5\"\n\t>\n\t\t<div class=\"dipl_team_member_image_wrapper\"><img width=\"600\" height=\"800\" src=\"https:\/\/www.vonhoff.ch\/wp-content\/uploads\/2023\/08\/Guido_Mazzeo_Team.jpg\" class=\"dipl_team_member_image wp-post-image\" alt=\"Guido Mazzeo Team\" decoding=\"async\" loading=\"lazy\" srcset=\"https:\/\/www.vonhoff.ch\/wp-content\/uploads\/2023\/08\/Guido_Mazzeo_Team.jpg 600w, https:\/\/www.vonhoff.ch\/wp-content\/uploads\/2023\/08\/Guido_Mazzeo_Team-480x640.jpg 480w\" sizes=\"(min-width: 0px) and (max-width: 480px) 480px, (min-width: 481px) 600px, 100vw\" \/><\/div>\n\t\t<div class=\"dipl_team_overlay_wrapper\"><div class=\"dipl_team_member_visible_wrapper\"><h5 class=\"dipl_team_member_name\">Guido Mazzeo<\/h5> <div class=\"dipl_team_member_designation\">Co-CEO<\/div><\/div> <div class=\"dipl_team_member_hidden_wrapper\"> <div class=\"dipl_team_social_wrapper\"><a href=\"mailto:guido.mazzeo@vonhoff.ch\" target=\"_self\">\n\t\t\t\t\t\t\t\t<span class=\"dipl_team_member_social_icon dipl_team_email et-pb-icon\">&#xe076;<\/span>\n\t\t\t\t\t\t\t<\/a><a href=\"tel:+41788913037\" target=\"_self\">\n\t\t\t\t\t\t\t\t<span class=\"dipl_team_member_social_icon dipl_team_phone et-pb-icon\">&#xe090;<\/span>\n\t\t\t\t\t\t\t<\/a><\/div> <\/div><\/div>\n\t<\/div><\/div><\/div>\n\t\t\t\t<\/div>\n\t\t\t<\/div>Gestion [&hellip;]<\/p>\n","protected":false},"author":2,"featured_media":21252336,"parent":0,"menu_order":0,"comment_status":"closed","ping_status":"closed","template":"","meta":{"_et_pb_use_builder":"on","_et_pb_old_content":"","_et_gb_content_width":"","footnotes":""},"dipi_cpt_category":[],"class_list":["post-21252335","page","type-page","status-publish","has-post-thumbnail","hentry"],"_links":{"self":[{"href":"https:\/\/www.vonhoff.ch\/fr\/wp-json\/wp\/v2\/pages\/21252335","targetHints":{"allow":["GET"]}}],"collection":[{"href":"https:\/\/www.vonhoff.ch\/fr\/wp-json\/wp\/v2\/pages"}],"about":[{"href":"https:\/\/www.vonhoff.ch\/fr\/wp-json\/wp\/v2\/types\/page"}],"author":[{"embeddable":true,"href":"https:\/\/www.vonhoff.ch\/fr\/wp-json\/wp\/v2\/users\/2"}],"replies":[{"embeddable":true,"href":"https:\/\/www.vonhoff.ch\/fr\/wp-json\/wp\/v2\/comments?post=21252335"}],"version-history":[{"count":7,"href":"https:\/\/www.vonhoff.ch\/fr\/wp-json\/wp\/v2\/pages\/21252335\/revisions"}],"predecessor-version":[{"id":21261370,"href":"https:\/\/www.vonhoff.ch\/fr\/wp-json\/wp\/v2\/pages\/21252335\/revisions\/21261370"}],"wp:featuredmedia":[{"embeddable":true,"href":"https:\/\/www.vonhoff.ch\/fr\/wp-json\/wp\/v2\/media\/21252336"}],"wp:attachment":[{"href":"https:\/\/www.vonhoff.ch\/fr\/wp-json\/wp\/v2\/media?parent=21252335"}],"wp:term":[{"taxonomy":"dipi_cpt_category","embeddable":true,"href":"https:\/\/www.vonhoff.ch\/fr\/wp-json\/wp\/v2\/dipi_cpt_category?post=21252335"}],"curies":[{"name":"wp","href":"https:\/\/api.w.org\/{rel}","templated":true}]}}